{"id":151,"date":"2023-05-19T06:44:16","date_gmt":"2023-05-19T06:44:16","guid":{"rendered":"https:\/\/zonapalets.com\/?page_id=151"},"modified":"2023-05-29T08:26:39","modified_gmt":"2023-05-29T08:26:39","slug":"nosotros","status":"publish","type":"page","link":"https:\/\/zonapalets.com\/ca\/nosotros\/","title":{"rendered":"Nosotros"},"content":{"rendered":"<div data-elementor-type=\"wp-page\" data-elementor-id=\"151\" class=\"elementor elementor-151\" data-elementor-post-type=\"page\">\n\t\t\t\t\t\t<section class=\"elementor-section elementor-top-section elementor-element elementor-element-28a772e elementor-section-full_width elementor-section-height-min-height elementor-section-height-default elementor-section-items-middle elementor-invisible\" data-id=\"28a772e\" data-element_type=\"section\" data-settings=\"{&quot;background_background&quot;:&quot;classic&quot;,&quot;animation&quot;:&quot;fadeInLeft&quot;}\">\n\t\t\t\t\t\t\t<div class=\"elementor-background-overlay\"><\/div>\n\t\t\t\t\t\t\t<div class=\"elementor-container elementor-column-gap-default\">\n\t\t\t\t\t<div class=\"elementor-column elementor-col-100 elementor-top-column elementor-element elementor-element-7b51b03\" data-id=\"7b51b03\" data-element_type=\"column\">\n\t\t\t<div class=\"elementor-widget-wrap elementor-element-populated\">\n\t\t\t\t\t\t<section class=\"elementor-section elementor-inner-section elementor-element elementor-element-643359b elementor-section-boxed elementor-section-height-default elementor-section-height-default\" data-id=\"643359b\" data-element_type=\"section\">\n\t\t\t\t\t\t<div class=\"elementor-container elementor-column-gap-default\">\n\t\t\t\t\t<div class=\"elementor-column elementor-col-100 elementor-inner-column elementor-element elementor-element-a0c7420\" data-id=\"a0c7420\" data-element_type=\"column\">\n\t\t\t<div class=\"elementor-widget-wrap elementor-element-populated\">\n\t\t\t\t\t\t<div class=\"elementor-element elementor-element-ab844a6 elementor-widget elementor-widget-heading\" data-id=\"ab844a6\" data-element_type=\"widget\" data-widget_type=\"heading.default\">\n\t\t\t\t<div class=\"elementor-widget-container\">\n\t\t\t\t\t<h2 class=\"elementor-heading-title elementor-size-default\">Sobre nosotros<\/h2>\t\t\t\t<\/div>\n\t\t\t\t<\/div>\n\t\t\t\t\t<\/div>\n\t\t<\/div>\n\t\t\t\t\t<\/div>\n\t\t<\/section>\n\t\t\t\t\t<\/div>\n\t\t<\/div>\n\t\t\t\t\t<\/div>\n\t\t<\/section>\n\t\t\t\t<section class=\"elementor-section elementor-top-section elementor-element elementor-element-0a52346 elementor-section-content-middle elementor-section-boxed elementor-section-height-default elementor-section-height-default\" data-id=\"0a52346\" data-element_type=\"section\" data-settings=\"{&quot;background_background&quot;:&quot;classic&quot;}\">\n\t\t\t\t\t\t\t<div class=\"elementor-background-overlay\"><\/div>\n\t\t\t\t\t\t\t<div class=\"elementor-container elementor-column-gap-no\">\n\t\t\t\t\t<div class=\"elementor-column elementor-col-50 elementor-top-column elementor-element elementor-element-4857982\" data-id=\"4857982\" data-element_type=\"column\">\n\t\t\t<div class=\"elementor-widget-wrap elementor-element-populated\">\n\t\t\t\t\t\t<div class=\"elementor-element elementor-element-9ba01fb elementor-widget elementor-widget-heading\" data-id=\"9ba01fb\" data-element_type=\"widget\" data-widget_type=\"heading.default\">\n\t\t\t\t<div class=\"elementor-widget-container\">\n\t\t\t\t\t<h6 class=\"elementor-heading-title elementor-size-default\">L\u00cdDERES EN COMPRA-VENTA DE PALETS<\/h6>\t\t\t\t<\/div>\n\t\t\t\t<\/div>\n\t\t\t\t<div class=\"elementor-element elementor-element-802499f elementor-widget elementor-widget-heading\" data-id=\"802499f\" data-element_type=\"widget\" data-widget_type=\"heading.default\">\n\t\t\t\t<div class=\"elementor-widget-container\">\n\t\t\t\t\t<h3 class=\"elementor-heading-title elementor-size-default\">Con\u00f3cenos<\/h3>\t\t\t\t<\/div>\n\t\t\t\t<\/div>\n\t\t\t\t<div class=\"elementor-element elementor-element-3d2a9cf elementor-widget elementor-widget-text-editor\" data-id=\"3d2a9cf\" data-element_type=\"widget\" data-widget_type=\"text-editor.default\">\n\t\t\t\t<div class=\"elementor-widget-container\">\n\t\t\t\t\t\t\t\t\t<p>Zona Palets es una empresa l\u00edder en la fabricaci\u00f3n, compra-venta, distribuci\u00f3n y reciclaje de palets en Espa\u00f1a. Con una amplia de experiencia en el sector, nos hemos consolidado como una empresa referente gracias a nuestra amplia gama de servicios y a la calidad de nuestros productos. Nuestro compromiso con el medio ambiente y con nuestros clientes nos ha llevado a trabajar de manera responsable y sostenible, ofreciendo soluciones personalizadas y eficientes.<\/p>\t\t\t\t\t\t\t\t<\/div>\n\t\t\t\t<\/div>\n\t\t\t\t\t<\/div>\n\t\t<\/div>\n\t\t\t\t<div class=\"elementor-column elementor-col-50 elementor-top-column elementor-element elementor-element-360d6d8\" data-id=\"360d6d8\" data-element_type=\"column\">\n\t\t\t<div class=\"elementor-widget-wrap elementor-element-populated\">\n\t\t\t\t\t\t<div class=\"elementor-element elementor-element-73bbed0 elementor-widget__width-inherit elementor-widget-mobile__width-inherit elementor-invisible elementor-widget elementor-widget-icon-box\" data-id=\"73bbed0\" data-element_type=\"widget\" data-settings=\"{&quot;_animation&quot;:&quot;fadeInRight&quot;}\" data-widget_type=\"icon-box.default\">\n\t\t\t\t<div class=\"elementor-widget-container\">\n\t\t\t\t\t\t\t<div class=\"elementor-icon-box-wrapper\">\n\n\t\t\t\n\t\t\t\t\t\t<div class=\"elementor-icon-box-content\">\n\n\t\t\t\t\t\t\t\t\t<h5 class=\"elementor-icon-box-title\">\n\t\t\t\t\t\t<a href=\"#\" >\n\t\t\t\t\t\t\tFabricaci\u00f3n de palets\t\t\t\t\t\t<\/a>\n\t\t\t\t\t<\/h5>\n\t\t\t\t\n\t\t\t\t\t\t\t\t\t<p class=\"elementor-icon-box-description\">\n\t\t\t\t\t\tEn Zona Palets contamos con una amplia variedad de maquinaria y materiales de alta calidad para la fabricaci\u00f3n de palets. Nuestro equipo de profesionales altamente cualificados garantiza la fabricaci\u00f3n de palets a medida, adaptados a las necesidades de nuestros clientes. Adem\u00e1s, nos aseguramos de que nuestros palets sean resistentes, duraderos y seguros, cumpliendo con los est\u00e1ndares de calidad m\u00e1s exigentes del mercado.\t\t\t\t\t<\/p>\n\t\t\t\t\n\t\t\t<\/div>\n\t\t\t\n\t\t<\/div>\n\t\t\t\t\t\t<\/div>\n\t\t\t\t<\/div>\n\t\t\t\t<div class=\"elementor-element elementor-element-bbb575b elementor-widget__width-inherit elementor-widget-mobile__width-inherit elementor-invisible elementor-widget elementor-widget-icon-box\" data-id=\"bbb575b\" data-element_type=\"widget\" data-settings=\"{&quot;_animation&quot;:&quot;fadeInRight&quot;}\" data-widget_type=\"icon-box.default\">\n\t\t\t\t<div class=\"elementor-widget-container\">\n\t\t\t\t\t\t\t<div class=\"elementor-icon-box-wrapper\">\n\n\t\t\t\n\t\t\t\t\t\t<div class=\"elementor-icon-box-content\">\n\n\t\t\t\t\t\t\t\t\t<h5 class=\"elementor-icon-box-title\">\n\t\t\t\t\t\t<a href=\"#\" >\n\t\t\t\t\t\t\tCompra y venta de palets\t\t\t\t\t\t<\/a>\n\t\t\t\t\t<\/h5>\n\t\t\t\t\n\t\t\t\t\t\t\t\t\t<p class=\"elementor-icon-box-description\">\n\t\t\t\t\t\tEn Zona Palets ofrecemos una amplia variedad de palets de segunda mano en perfecto estado, as\u00ed como nuevos a precios muy competitivos. Nuestros palets est\u00e1n disponibles en diferentes tama\u00f1os y caracter\u00edsticas, para adaptarse a las necesidades de nuestros clientes. Adem\u00e1s, ofrecemos servicios de transporte y log\u00edstica para asegurar que nuestros palets lleguen a su destino en las mejores condiciones. \t\t\t\t\t<\/p>\n\t\t\t\t\n\t\t\t<\/div>\n\t\t\t\n\t\t<\/div>\n\t\t\t\t\t\t<\/div>\n\t\t\t\t<\/div>\n\t\t\t\t<div class=\"elementor-element elementor-element-24aa0f5 elementor-widget__width-inherit elementor-widget-mobile__width-inherit elementor-invisible elementor-widget elementor-widget-icon-box\" data-id=\"24aa0f5\" data-element_type=\"widget\" data-settings=\"{&quot;_animation&quot;:&quot;fadeInRight&quot;}\" data-widget_type=\"icon-box.default\">\n\t\t\t\t<div class=\"elementor-widget-container\">\n\t\t\t\t\t\t\t<div class=\"elementor-icon-box-wrapper\">\n\n\t\t\t\n\t\t\t\t\t\t<div class=\"elementor-icon-box-content\">\n\n\t\t\t\t\t\t\t\t\t<h5 class=\"elementor-icon-box-title\">\n\t\t\t\t\t\t<a href=\"#\" >\n\t\t\t\t\t\t\tDistribuci\u00f3n de palets\t\t\t\t\t\t<\/a>\n\t\t\t\t\t<\/h5>\n\t\t\t\t\n\t\t\t\t\t\t\t\t\t<p class=\"elementor-icon-box-description\">\n\t\t\t\t\t\tEn Zona Palets contamos con un amplio stock de palets disponibles para su distribuci\u00f3n en toda Espa\u00f1a. Gracias a nuestra red de distribuci\u00f3n, podemos asegurar entregas r\u00e1pidas y eficientes en cualquier punto del pa\u00eds. Adem\u00e1s, nos aseguramos de que nuestros palets lleguen en perfecto estado, para que nuestros clientes puedan contar con un producto de alta calidad y resistencia.\t\t\t\t\t<\/p>\n\t\t\t\t\n\t\t\t<\/div>\n\t\t\t\n\t\t<\/div>\n\t\t\t\t\t\t<\/div>\n\t\t\t\t<\/div>\n\t\t\t\t<div class=\"elementor-element elementor-element-752265d elementor-widget__width-inherit elementor-widget-mobile__width-inherit elementor-invisible elementor-widget elementor-widget-icon-box\" data-id=\"752265d\" data-element_type=\"widget\" data-settings=\"{&quot;_animation&quot;:&quot;fadeInRight&quot;}\" data-widget_type=\"icon-box.default\">\n\t\t\t\t<div class=\"elementor-widget-container\">\n\t\t\t\t\t\t\t<div class=\"elementor-icon-box-wrapper\">\n\n\t\t\t\n\t\t\t\t\t\t<div class=\"elementor-icon-box-content\">\n\n\t\t\t\t\t\t\t\t\t<h5 class=\"elementor-icon-box-title\">\n\t\t\t\t\t\t<a href=\"#\" >\n\t\t\t\t\t\t\tReciclaje de palets\t\t\t\t\t\t<\/a>\n\t\t\t\t\t<\/h5>\n\t\t\t\t\n\t\t\t\t\t\t\t\t\t<p class=\"elementor-icon-box-description\">\n\t\t\t\t\t\tEn Zona Palets somos conscientes de la importancia de cuidar el medio ambiente y por ello ofrecemos servicios de reciclaje de palets. Gracias a nuestra amplia experiencia y tecnolog\u00eda avanzada, podemos recuperar y reutilizar palets en desuso, evitando la emisi\u00f3n de residuos y fomentando la sostenibilidad. Adem\u00e1s, ofrecemos servicios de recolecci\u00f3n y transporte de palets usados para su posterior reciclaje. Con Zona Palets, nuestros clientes pueden estar seguros de que est\u00e1n contribuyendo al cuidado del planeta.\t\t\t\t\t<\/p>\n\t\t\t\t\n\t\t\t<\/div>\n\t\t\t\n\t\t<\/div>\n\t\t\t\t\t\t<\/div>\n\t\t\t\t<\/div>\n\t\t\t\t\t<\/div>\n\t\t<\/div>\n\t\t\t\t\t<\/div>\n\t\t<\/section>\n\t\t\t\t<section class=\"elementor-section elementor-top-section elementor-element elementor-element-53753608 elementor-section-full_width elementor-section-height-min-height elementor-hidden-tablet elementor-hidden-mobile elementor-section-height-default elementor-section-items-middle\" data-id=\"53753608\" data-element_type=\"section\" data-settings=\"{&quot;background_background&quot;:&quot;classic&quot;}\">\n\t\t\t\t\t\t<div class=\"elementor-container elementor-column-gap-default\">\n\t\t\t\t\t<div class=\"elementor-column elementor-col-100 elementor-top-column elementor-element elementor-element-79ad67fb\" data-id=\"79ad67fb\" data-element_type=\"column\">\n\t\t\t<div class=\"elementor-widget-wrap elementor-element-populated\">\n\t\t\t\t\t\t<div class=\"elementor-element elementor-element-2ba0d8bd elementor-headline--style-rotate elementor-widget elementor-widget-animated-headline\" data-id=\"2ba0d8bd\" data-element_type=\"widget\" data-settings=\"{&quot;headline_style&quot;:&quot;rotate&quot;,&quot;animation_type&quot;:&quot;slide&quot;,&quot;rotating_text&quot;:&quot;L\\u00edderes del mercado de comercializaci\\u00f3n de palets\\nComprometidos con la sostenibilidad\\nMateriales de primera calidad \\n&quot;,&quot;loop&quot;:&quot;yes&quot;,&quot;rotate_iteration_delay&quot;:2500}\" data-widget_type=\"animated-headline.default\">\n\t\t\t\t<div class=\"elementor-widget-container\">\n\t\t\t\t\t\t\t<h4 class=\"elementor-headline elementor-headline-animation-type-slide\">\n\t\t\t\t<span class=\"elementor-headline-dynamic-wrapper elementor-headline-text-wrapper\">\n\t\t\t\t\t<span class=\"elementor-headline-dynamic-text elementor-headline-text-active\">\n\t\t\t\tL\u00edderes&nbsp;del&nbsp;mercado&nbsp;de&nbsp;comercializaci\u00f3n&nbsp;de&nbsp;palets\t\t\t<\/span>\n\t\t\t\t\t<span class=\"elementor-headline-dynamic-text\">\n\t\t\t\tComprometidos&nbsp;con&nbsp;la&nbsp;sostenibilidad\t\t\t<\/span>\n\t\t\t\t\t<span class=\"elementor-headline-dynamic-text\">\n\t\t\t\tMateriales&nbsp;de&nbsp;primera&nbsp;calidad&nbsp;\t\t\t<\/span>\n\t\t\t\t\t<span class=\"elementor-headline-dynamic-text\">\n\t\t\t\t\t\t\t<\/span>\n\t\t\t\t\t\t<\/span>\n\t\t\t\t<\/h4>\n\t\t\t\t\t\t<\/div>\n\t\t\t\t<\/div>\n\t\t\t\t\t<\/div>\n\t\t<\/div>\n\t\t\t\t\t<\/div>\n\t\t<\/section>\n\t\t\t\t<section class=\"elementor-section elementor-top-section elementor-element elementor-element-50d98ba3 elementor-section-full_width elementor-section-height-min-height elementor-hidden-desktop elementor-section-height-default elementor-section-items-middle\" data-id=\"50d98ba3\" data-element_type=\"section\" data-settings=\"{&quot;background_background&quot;:&quot;classic&quot;}\">\n\t\t\t\t\t\t<div class=\"elementor-container elementor-column-gap-default\">\n\t\t\t\t\t<div class=\"elementor-column elementor-col-100 elementor-top-column elementor-element elementor-element-25f995f0\" data-id=\"25f995f0\" data-element_type=\"column\">\n\t\t\t<div class=\"elementor-widget-wrap elementor-element-populated\">\n\t\t\t\t\t\t<div class=\"elementor-element elementor-element-44228127 elementor-headline--style-rotate elementor-widget elementor-widget-animated-headline\" data-id=\"44228127\" data-element_type=\"widget\" data-settings=\"{&quot;headline_style&quot;:&quot;rotate&quot;,&quot;animation_type&quot;:&quot;slide&quot;,&quot;rotating_text&quot;:&quot;L\\u00edderes del mercado de palets\\nComprometidos con la sostenibilidad\\nMateriales de primera calidad \\n&quot;,&quot;loop&quot;:&quot;yes&quot;,&quot;rotate_iteration_delay&quot;:2500}\" data-widget_type=\"animated-headline.default\">\n\t\t\t\t<div class=\"elementor-widget-container\">\n\t\t\t\t\t\t\t<h4 class=\"elementor-headline elementor-headline-animation-type-slide\">\n\t\t\t\t<span class=\"elementor-headline-dynamic-wrapper elementor-headline-text-wrapper\">\n\t\t\t\t\t<span class=\"elementor-headline-dynamic-text elementor-headline-text-active\">\n\t\t\t\tL\u00edderes&nbsp;del&nbsp;mercado&nbsp;de&nbsp;palets\t\t\t<\/span>\n\t\t\t\t\t<span class=\"elementor-headline-dynamic-text\">\n\t\t\t\tComprometidos&nbsp;con&nbsp;la&nbsp;sostenibilidad\t\t\t<\/span>\n\t\t\t\t\t<span class=\"elementor-headline-dynamic-text\">\n\t\t\t\tMateriales&nbsp;de&nbsp;primera&nbsp;calidad&nbsp;\t\t\t<\/span>\n\t\t\t\t\t<span class=\"elementor-headline-dynamic-text\">\n\t\t\t\t\t\t\t<\/span>\n\t\t\t\t\t\t<\/span>\n\t\t\t\t<\/h4>\n\t\t\t\t\t\t<\/div>\n\t\t\t\t<\/div>\n\t\t\t\t\t<\/div>\n\t\t<\/div>\n\t\t\t\t\t<\/div>\n\t\t<\/section>\n\t\t\t\t<\/div>","protected":false},"excerpt":{"rendered":"<p>Sobre nosotros L\u00cdDERES EN COMPRA-VENTA DE PALETS Con\u00f3cenos Zona Palets es una empresa l\u00edder en la fabricaci\u00f3n, compra-venta, distribuci\u00f3n y reciclaje de palets en Espa\u00f1a. Con una amplia de experiencia en el sector, nos hemos consolidado como una empresa referente gracias a nuestra amplia gama de servicios y a la calidad de nuestros productos. Nuestro&hellip;&nbsp;<a href=\"https:\/\/zonapalets.com\/ca\/nosotros\/\" rel=\"bookmark\"><span class=\"screen-reader-text\">Nosotros<\/span><\/a><\/p>","protected":false},"author":1,"featured_media":0,"parent":0,"menu_order":0,"comment_status":"closed","ping_status":"closed","template":"page-templates\/template-pagebuilder-full-width.php","meta":{"neve_meta_sidebar":"","neve_meta_container":"","neve_meta_enable_content_width":"off","neve_meta_content_width":100,"neve_meta_title_alignment":"","neve_meta_author_avatar":"","neve_post_elements_order":"","neve_meta_disable_header":"","neve_meta_disable_footer":"","neve_meta_disable_title":"","neve_meta_reading_time":"","footnotes":""},"class_list":["post-151","page","type-page","status-publish","hentry"],"yoast_head":"<!-- This site is optimized with the Yoast SEO plugin v26.7 - https:\/\/yoast.com\/wordpress\/plugins\/seo\/ -->\n<title>Nosotros - Zona Palets<\/title>\n<meta name=\"description\" content=\"Empresa l\u00edder en la fabricaci\u00f3n, compra-venta, distribuci\u00f3n y reciclaje de palets en Espa\u00f1a. Con una amplia de experiencia en el sector.\" \/>\n<meta name=\"robots\" content=\"index, follow, max-snippet:-1, max-image-preview:large, max-video-preview:-1\" \/>\n<link rel=\"canonical\" href=\"https:\/\/zonapalets.com\/ca\/nosotros\/\" \/>\n<meta property=\"og:locale\" content=\"ca_ES\" \/>\n<meta property=\"og:type\" content=\"article\" \/>\n<meta property=\"og:title\" content=\"Nosotros - Zona Palets\" \/>\n<meta property=\"og:description\" content=\"Empresa l\u00edder en la fabricaci\u00f3n, compra-venta, distribuci\u00f3n y reciclaje de palets en Espa\u00f1a. Con una amplia de experiencia en el sector.\" \/>\n<meta property=\"og:url\" content=\"https:\/\/zonapalets.com\/ca\/nosotros\/\" \/>\n<meta property=\"og:site_name\" content=\"Zona Palets | Compra, venta y reciclaje de Palets\" \/>\n<meta property=\"article:modified_time\" content=\"2023-05-29T08:26:39+00:00\" \/>\n<meta name=\"twitter:card\" content=\"summary_large_image\" \/>\n<meta name=\"twitter:label1\" content=\"Temps estimat de lectura\" \/>\n\t<meta name=\"twitter:data1\" content=\"2 minuts\" \/>\n<script type=\"application\/ld+json\" class=\"yoast-schema-graph\">{\"@context\":\"https:\/\/schema.org\",\"@graph\":[{\"@type\":\"WebPage\",\"@id\":\"https:\/\/zonapalets.com\/nosotros\/\",\"url\":\"https:\/\/zonapalets.com\/nosotros\/\",\"name\":\"Nosotros - Zona Palets\",\"isPartOf\":{\"@id\":\"https:\/\/zonapalets.com\/#website\"},\"datePublished\":\"2023-05-19T06:44:16+00:00\",\"dateModified\":\"2023-05-29T08:26:39+00:00\",\"description\":\"Empresa l\u00edder en la fabricaci\u00f3n, compra-venta, distribuci\u00f3n y reciclaje de palets en Espa\u00f1a. Con una amplia de experiencia en el sector.\",\"breadcrumb\":{\"@id\":\"https:\/\/zonapalets.com\/nosotros\/#breadcrumb\"},\"inLanguage\":\"ca\",\"potentialAction\":[{\"@type\":\"ReadAction\",\"target\":[\"https:\/\/zonapalets.com\/nosotros\/\"]}]},{\"@type\":\"BreadcrumbList\",\"@id\":\"https:\/\/zonapalets.com\/nosotros\/#breadcrumb\",\"itemListElement\":[{\"@type\":\"ListItem\",\"position\":1,\"name\":\"Portada\",\"item\":\"https:\/\/zonapalets.com\/\"},{\"@type\":\"ListItem\",\"position\":2,\"name\":\"Nosotros\"}]},{\"@type\":\"WebSite\",\"@id\":\"https:\/\/zonapalets.com\/#website\",\"url\":\"https:\/\/zonapalets.com\/\",\"name\":\"Zona Palets | Compra, venta y reciclaje de Palets\",\"description\":\"Fabricamos, restauramos y comercializamos palets.\",\"potentialAction\":[{\"@type\":\"SearchAction\",\"target\":{\"@type\":\"EntryPoint\",\"urlTemplate\":\"https:\/\/zonapalets.com\/?s={search_term_string}\"},\"query-input\":{\"@type\":\"PropertyValueSpecification\",\"valueRequired\":true,\"valueName\":\"search_term_string\"}}],\"inLanguage\":\"ca\"}]}<\/script>\n<!-- \/ Yoast SEO plugin. -->","yoast_head_json":{"title":"Nosotros - Zona Palets","description":"Empresa l\u00edder en la fabricaci\u00f3n, compra-venta, distribuci\u00f3n y reciclaje de palets en Espa\u00f1a. Con una amplia de experiencia en el sector.","robots":{"index":"index","follow":"follow","max-snippet":"max-snippet:-1","max-image-preview":"max-image-preview:large","max-video-preview":"max-video-preview:-1"},"canonical":"https:\/\/zonapalets.com\/ca\/nosotros\/","og_locale":"ca_ES","og_type":"article","og_title":"Nosotros - Zona Palets","og_description":"Empresa l\u00edder en la fabricaci\u00f3n, compra-venta, distribuci\u00f3n y reciclaje de palets en Espa\u00f1a. Con una amplia de experiencia en el sector.","og_url":"https:\/\/zonapalets.com\/ca\/nosotros\/","og_site_name":"Zona Palets | Compra, venta y reciclaje de Palets","article_modified_time":"2023-05-29T08:26:39+00:00","twitter_card":"summary_large_image","twitter_misc":{"Temps estimat de lectura":"2 minuts"},"schema":{"@context":"https:\/\/schema.org","@graph":[{"@type":"WebPage","@id":"https:\/\/zonapalets.com\/nosotros\/","url":"https:\/\/zonapalets.com\/nosotros\/","name":"Nosotros - Zona Palets","isPartOf":{"@id":"https:\/\/zonapalets.com\/#website"},"datePublished":"2023-05-19T06:44:16+00:00","dateModified":"2023-05-29T08:26:39+00:00","description":"Empresa l\u00edder en la fabricaci\u00f3n, compra-venta, distribuci\u00f3n y reciclaje de palets en Espa\u00f1a. Con una amplia de experiencia en el sector.","breadcrumb":{"@id":"https:\/\/zonapalets.com\/nosotros\/#breadcrumb"},"inLanguage":"ca","potentialAction":[{"@type":"ReadAction","target":["https:\/\/zonapalets.com\/nosotros\/"]}]},{"@type":"BreadcrumbList","@id":"https:\/\/zonapalets.com\/nosotros\/#breadcrumb","itemListElement":[{"@type":"ListItem","position":1,"name":"Portada","item":"https:\/\/zonapalets.com\/"},{"@type":"ListItem","position":2,"name":"Nosotros"}]},{"@type":"WebSite","@id":"https:\/\/zonapalets.com\/#website","url":"https:\/\/zonapalets.com\/","name":"Zona Palets | Compra, venta y reciclaje de Palets","description":"Fabricamos, restauramos y comercializamos palets.","potentialAction":[{"@type":"SearchAction","target":{"@type":"EntryPoint","urlTemplate":"https:\/\/zonapalets.com\/?s={search_term_string}"},"query-input":{"@type":"PropertyValueSpecification","valueRequired":true,"valueName":"search_term_string"}}],"inLanguage":"ca"}]}},"_links":{"self":[{"href":"https:\/\/zonapalets.com\/ca\/wp-json\/wp\/v2\/pages\/151","targetHints":{"allow":["GET"]}}],"collection":[{"href":"https:\/\/zonapalets.com\/ca\/wp-json\/wp\/v2\/pages"}],"about":[{"href":"https:\/\/zonapalets.com\/ca\/wp-json\/wp\/v2\/types\/page"}],"author":[{"embeddable":true,"href":"https:\/\/zonapalets.com\/ca\/wp-json\/wp\/v2\/users\/1"}],"replies":[{"embeddable":true,"href":"https:\/\/zonapalets.com\/ca\/wp-json\/wp\/v2\/comments?post=151"}],"version-history":[{"count":1,"href":"https:\/\/zonapalets.com\/ca\/wp-json\/wp\/v2\/pages\/151\/revisions"}],"predecessor-version":[{"id":583,"href":"https:\/\/zonapalets.com\/ca\/wp-json\/wp\/v2\/pages\/151\/revisions\/583"}],"wp:attachment":[{"href":"https:\/\/zonapalets.com\/ca\/wp-json\/wp\/v2\/media?parent=151"}],"curies":[{"name":"wp","href":"https:\/\/api.w.org\/{rel}","templated":true}]}}