{"id":245,"date":"2023-05-19T07:35:38","date_gmt":"2023-05-19T07:35:38","guid":{"rendered":"https:\/\/zonapalets.com\/?page_id=245"},"modified":"2023-05-29T08:25:18","modified_gmt":"2023-05-29T08:25:18","slug":"compra-y-venta-de-palets","status":"publish","type":"page","link":"https:\/\/zonapalets.com\/ca\/compra-y-venta-de-palets\/","title":{"rendered":"Compra-venta de Palets"},"content":{"rendered":"<div data-elementor-type=\"wp-page\" data-elementor-id=\"245\" class=\"elementor elementor-245\" data-elementor-post-type=\"page\">\n\t\t\t\t\t\t<section class=\"elementor-section elementor-top-section elementor-element elementor-element-28a772e elementor-section-full_width elementor-section-height-min-height elementor-section-height-default elementor-section-items-middle elementor-invisible\" data-id=\"28a772e\" data-element_type=\"section\" data-settings=\"{&quot;background_background&quot;:&quot;classic&quot;,&quot;animation&quot;:&quot;fadeInLeft&quot;}\">\n\t\t\t\t\t\t\t<div class=\"elementor-background-overlay\"><\/div>\n\t\t\t\t\t\t\t<div class=\"elementor-container elementor-column-gap-default\">\n\t\t\t\t\t<div class=\"elementor-column elementor-col-100 elementor-top-column elementor-element elementor-element-7b51b03\" data-id=\"7b51b03\" data-element_type=\"column\">\n\t\t\t<div class=\"elementor-widget-wrap elementor-element-populated\">\n\t\t\t\t\t\t<section class=\"elementor-section elementor-inner-section elementor-element elementor-element-643359b elementor-section-boxed elementor-section-height-default elementor-section-height-default\" data-id=\"643359b\" data-element_type=\"section\">\n\t\t\t\t\t\t<div class=\"elementor-container elementor-column-gap-default\">\n\t\t\t\t\t<div class=\"elementor-column elementor-col-100 elementor-inner-column elementor-element elementor-element-a0c7420\" data-id=\"a0c7420\" data-element_type=\"column\">\n\t\t\t<div class=\"elementor-widget-wrap elementor-element-populated\">\n\t\t\t\t\t\t<div class=\"elementor-element elementor-element-ab844a6 elementor-widget elementor-widget-heading\" data-id=\"ab844a6\" data-element_type=\"widget\" data-widget_type=\"heading.default\">\n\t\t\t\t<div class=\"elementor-widget-container\">\n\t\t\t\t\t<h2 class=\"elementor-heading-title elementor-size-default\">Compra y venta de Palets<\/h2>\t\t\t\t<\/div>\n\t\t\t\t<\/div>\n\t\t\t\t\t<\/div>\n\t\t<\/div>\n\t\t\t\t\t<\/div>\n\t\t<\/section>\n\t\t\t\t\t<\/div>\n\t\t<\/div>\n\t\t\t\t\t<\/div>\n\t\t<\/section>\n\t\t\t\t<section class=\"elementor-section elementor-top-section elementor-element elementor-element-bbfde2b elementor-section-boxed elementor-section-height-default elementor-section-height-default\" data-id=\"bbfde2b\" data-element_type=\"section\" data-settings=\"{&quot;background_background&quot;:&quot;classic&quot;}\">\n\t\t\t\t\t\t<div class=\"elementor-container elementor-column-gap-no\">\n\t\t\t\t\t<div class=\"elementor-column elementor-col-100 elementor-top-column elementor-element elementor-element-07dd645\" data-id=\"07dd645\" data-element_type=\"column\">\n\t\t\t<div class=\"elementor-widget-wrap elementor-element-populated\">\n\t\t\t\t\t\t<div class=\"elementor-element elementor-element-13d8d55 elementor-position-right elementor-vertical-align-middle elementor-widget elementor-widget-image-box\" data-id=\"13d8d55\" data-element_type=\"widget\" data-widget_type=\"image-box.default\">\n\t\t\t\t<div class=\"elementor-widget-container\">\n\t\t\t\t\t<div class=\"elementor-image-box-wrapper\"><figure class=\"elementor-image-box-img\"><img fetchpriority=\"high\" decoding=\"async\" width=\"1920\" height=\"1080\" src=\"https:\/\/zonapalets.com\/wp-content\/uploads\/2023\/05\/6.jpg\" class=\"attachment-full size-full wp-image-26\" alt=\"\" srcset=\"https:\/\/zonapalets.com\/wp-content\/uploads\/2023\/05\/6.jpg 1920w, https:\/\/zonapalets.com\/wp-content\/uploads\/2023\/05\/6-300x169.jpg 300w, https:\/\/zonapalets.com\/wp-content\/uploads\/2023\/05\/6-1024x576.jpg 1024w, https:\/\/zonapalets.com\/wp-content\/uploads\/2023\/05\/6-768x432.jpg 768w, https:\/\/zonapalets.com\/wp-content\/uploads\/2023\/05\/6-1536x864.jpg 1536w\" sizes=\"(max-width: 1920px) 100vw, 1920px\" \/><\/figure><div class=\"elementor-image-box-content\"><h3 class=\"elementor-image-box-title\">Palets de segunda mano<\/h3><p class=\"elementor-image-box-description\">En Zona Palets ofrecemos una amplia variedad de palets de segunda mano en perfecto estado, as\u00ed como nuevos a precios muy competitivos. Nuestros palets est\u00e1n disponibles en diferentes tama\u00f1os y caracter\u00edsticas, para adaptarse a las necesidades de nuestros clientes. Adem\u00e1s, ofrecemos servicios de transporte y log\u00edstica para asegurar que nuestros palets lleguen a su destino en las mejores condiciones. <\/p><\/div><\/div>\t\t\t\t<\/div>\n\t\t\t\t<\/div>\n\t\t\t\t\t<\/div>\n\t\t<\/div>\n\t\t\t\t\t<\/div>\n\t\t<\/section>\n\t\t\t\t<section class=\"elementor-section elementor-top-section elementor-element elementor-element-8bf0f44 elementor-section-boxed elementor-section-height-default elementor-section-height-default\" data-id=\"8bf0f44\" data-element_type=\"section\" data-settings=\"{&quot;background_background&quot;:&quot;classic&quot;}\">\n\t\t\t\t\t\t<div class=\"elementor-container elementor-column-gap-no\">\n\t\t\t\t\t<div class=\"elementor-column elementor-col-33 elementor-top-column elementor-element elementor-element-67aeb76\" data-id=\"67aeb76\" data-element_type=\"column\">\n\t\t\t<div class=\"elementor-widget-wrap elementor-element-populated\">\n\t\t\t\t\t\t<div class=\"elementor-element elementor-element-f06b1a3 elementor-widget elementor-widget-image\" data-id=\"f06b1a3\" data-element_type=\"widget\" data-widget_type=\"image.default\">\n\t\t\t\t<div class=\"elementor-widget-container\">\n\t\t\t\t\t\t\t\t\t\t\t\t\t\t\t<img decoding=\"async\" width=\"100\" height=\"100\" src=\"https:\/\/zonapalets.com\/wp-content\/uploads\/2023\/05\/FABRICACION.png\" class=\"attachment-large size-large wp-image-512\" alt=\"\" srcset=\"https:\/\/zonapalets.com\/wp-content\/uploads\/2023\/05\/FABRICACION.png 100w, https:\/\/zonapalets.com\/wp-content\/uploads\/2023\/05\/FABRICACION-12x12.png 12w\" sizes=\"(max-width: 100px) 100vw, 100px\" \/>\t\t\t\t\t\t\t\t\t\t\t\t\t\t\t<\/div>\n\t\t\t\t<\/div>\n\t\t\t\t<div class=\"elementor-element elementor-element-2dbac08 elementor-widget__width-initial elementor-widget-mobile__width-inherit elementor-invisible elementor-widget elementor-widget-icon-box\" data-id=\"2dbac08\" data-element_type=\"widget\" data-settings=\"{&quot;_animation&quot;:&quot;fadeInUp&quot;}\" data-widget_type=\"icon-box.default\">\n\t\t\t\t<div class=\"elementor-widget-container\">\n\t\t\t\t\t\t\t<div class=\"elementor-icon-box-wrapper\">\n\n\t\t\t\n\t\t\t\t\t\t<div class=\"elementor-icon-box-content\">\n\n\t\t\t\t\t\t\t\t\t<h5 class=\"elementor-icon-box-title\">\n\t\t\t\t\t\t<a href=\"https:\/\/zonapalets.com\/ca\/fabricacion-de-palets\/\" >\n\t\t\t\t\t\t\tFabricaci\u00f3n de Palets\t\t\t\t\t\t<\/a>\n\t\t\t\t\t<\/h5>\n\t\t\t\t\n\t\t\t\t\t\t\t\t\t<p class=\"elementor-icon-box-description\">\n\t\t\t\t\t\tAmplia variedad de maquinaria para la fabricaci\u00f3n de palets\t\t\t\t\t<\/p>\n\t\t\t\t\n\t\t\t<\/div>\n\t\t\t\n\t\t<\/div>\n\t\t\t\t\t\t<\/div>\n\t\t\t\t<\/div>\n\t\t\t\t\t<\/div>\n\t\t<\/div>\n\t\t\t\t<div class=\"elementor-column elementor-col-33 elementor-top-column elementor-element elementor-element-459945c\" data-id=\"459945c\" data-element_type=\"column\">\n\t\t\t<div class=\"elementor-widget-wrap elementor-element-populated\">\n\t\t\t\t\t\t<div class=\"elementor-element elementor-element-47bc5ca elementor-widget elementor-widget-image\" data-id=\"47bc5ca\" data-element_type=\"widget\" data-widget_type=\"image.default\">\n\t\t\t\t<div class=\"elementor-widget-container\">\n\t\t\t\t\t\t\t\t\t\t\t\t\t\t\t<img decoding=\"async\" width=\"100\" height=\"100\" src=\"https:\/\/zonapalets.com\/wp-content\/uploads\/2023\/05\/DISTRIBUCION.png\" class=\"attachment-large size-large wp-image-511\" alt=\"\" srcset=\"https:\/\/zonapalets.com\/wp-content\/uploads\/2023\/05\/DISTRIBUCION.png 100w, https:\/\/zonapalets.com\/wp-content\/uploads\/2023\/05\/DISTRIBUCION-12x12.png 12w\" sizes=\"(max-width: 100px) 100vw, 100px\" \/>\t\t\t\t\t\t\t\t\t\t\t\t\t\t\t<\/div>\n\t\t\t\t<\/div>\n\t\t\t\t<div class=\"elementor-element elementor-element-553bd4a elementor-widget__width-initial elementor-widget-mobile__width-inherit elementor-invisible elementor-widget elementor-widget-icon-box\" data-id=\"553bd4a\" data-element_type=\"widget\" data-settings=\"{&quot;_animation&quot;:&quot;fadeInUp&quot;}\" data-widget_type=\"icon-box.default\">\n\t\t\t\t<div class=\"elementor-widget-container\">\n\t\t\t\t\t\t\t<div class=\"elementor-icon-box-wrapper\">\n\n\t\t\t\n\t\t\t\t\t\t<div class=\"elementor-icon-box-content\">\n\n\t\t\t\t\t\t\t\t\t<h5 class=\"elementor-icon-box-title\">\n\t\t\t\t\t\t<a href=\"https:\/\/zonapalets.com\/ca\/distribucion-de-palets\/\" >\n\t\t\t\t\t\t\tDistribuci\u00f3n de Palets\t\t\t\t\t\t<\/a>\n\t\t\t\t\t<\/h5>\n\t\t\t\t\n\t\t\t\t\t\t\t\t\t<p class=\"elementor-icon-box-description\">\n\t\t\t\t\t\tStock de palets disponibles para su distribuci\u00f3n en toda Espa\u00f1a\t\t\t\t\t<\/p>\n\t\t\t\t\n\t\t\t<\/div>\n\t\t\t\n\t\t<\/div>\n\t\t\t\t\t\t<\/div>\n\t\t\t\t<\/div>\n\t\t\t\t\t<\/div>\n\t\t<\/div>\n\t\t\t\t<div class=\"elementor-column elementor-col-33 elementor-top-column elementor-element elementor-element-16ae100\" data-id=\"16ae100\" data-element_type=\"column\">\n\t\t\t<div class=\"elementor-widget-wrap elementor-element-populated\">\n\t\t\t\t\t\t<div class=\"elementor-element elementor-element-18eae0b elementor-widget elementor-widget-image\" data-id=\"18eae0b\" data-element_type=\"widget\" data-widget_type=\"image.default\">\n\t\t\t\t<div class=\"elementor-widget-container\">\n\t\t\t\t\t\t\t\t\t\t\t\t\t\t\t<img loading=\"lazy\" decoding=\"async\" width=\"100\" height=\"100\" src=\"https:\/\/zonapalets.com\/wp-content\/uploads\/2023\/05\/RECICLAJE.png\" class=\"attachment-large size-large wp-image-509\" alt=\"\" srcset=\"https:\/\/zonapalets.com\/wp-content\/uploads\/2023\/05\/RECICLAJE.png 100w, https:\/\/zonapalets.com\/wp-content\/uploads\/2023\/05\/RECICLAJE-12x12.png 12w\" sizes=\"(max-width: 100px) 100vw, 100px\" \/>\t\t\t\t\t\t\t\t\t\t\t\t\t\t\t<\/div>\n\t\t\t\t<\/div>\n\t\t\t\t<div class=\"elementor-element elementor-element-d2da99b elementor-widget__width-initial elementor-widget-mobile__width-inherit elementor-invisible elementor-widget elementor-widget-icon-box\" data-id=\"d2da99b\" data-element_type=\"widget\" data-settings=\"{&quot;_animation&quot;:&quot;fadeInUp&quot;}\" data-widget_type=\"icon-box.default\">\n\t\t\t\t<div class=\"elementor-widget-container\">\n\t\t\t\t\t\t\t<div class=\"elementor-icon-box-wrapper\">\n\n\t\t\t\n\t\t\t\t\t\t<div class=\"elementor-icon-box-content\">\n\n\t\t\t\t\t\t\t\t\t<h5 class=\"elementor-icon-box-title\">\n\t\t\t\t\t\t<a href=\"https:\/\/zonapalets.com\/ca\/reciclaje-de-palets\/\" >\n\t\t\t\t\t\t\tReciclaje de Palets\t\t\t\t\t\t<\/a>\n\t\t\t\t\t<\/h5>\n\t\t\t\t\n\t\t\t\t\t\t\t\t\t<p class=\"elementor-icon-box-description\">\n\t\t\t\t\t\tServicios de reciclaje y restauraci\u00f3n de palets\t\t\t\t\t<\/p>\n\t\t\t\t\n\t\t\t<\/div>\n\t\t\t\n\t\t<\/div>\n\t\t\t\t\t\t<\/div>\n\t\t\t\t<\/div>\n\t\t\t\t\t<\/div>\n\t\t<\/div>\n\t\t\t\t\t<\/div>\n\t\t<\/section>\n\t\t\t\t<section class=\"elementor-section elementor-top-section elementor-element elementor-element-5b9ccd37 elementor-section-full_width elementor-section-height-min-height elementor-hidden-tablet elementor-hidden-mobile elementor-section-height-default elementor-section-items-middle\" data-id=\"5b9ccd37\" data-element_type=\"section\" data-settings=\"{&quot;background_background&quot;:&quot;classic&quot;}\">\n\t\t\t\t\t\t<div class=\"elementor-container elementor-column-gap-default\">\n\t\t\t\t\t<div class=\"elementor-column elementor-col-100 elementor-top-column elementor-element elementor-element-2dfda961\" data-id=\"2dfda961\" data-element_type=\"column\">\n\t\t\t<div class=\"elementor-widget-wrap elementor-element-populated\">\n\t\t\t\t\t\t<div class=\"elementor-element elementor-element-4845dbcf elementor-headline--style-rotate elementor-widget elementor-widget-animated-headline\" data-id=\"4845dbcf\" data-element_type=\"widget\" data-settings=\"{&quot;headline_style&quot;:&quot;rotate&quot;,&quot;animation_type&quot;:&quot;slide&quot;,&quot;rotating_text&quot;:&quot;L\\u00edderes del mercado de comercializaci\\u00f3n de palets\\nComprometidos con la sostenibilidad\\nMateriales de primera calidad \\n&quot;,&quot;loop&quot;:&quot;yes&quot;,&quot;rotate_iteration_delay&quot;:2500}\" data-widget_type=\"animated-headline.default\">\n\t\t\t\t<div class=\"elementor-widget-container\">\n\t\t\t\t\t\t\t<h4 class=\"elementor-headline elementor-headline-animation-type-slide\">\n\t\t\t\t<span class=\"elementor-headline-dynamic-wrapper elementor-headline-text-wrapper\">\n\t\t\t\t\t<span class=\"elementor-headline-dynamic-text elementor-headline-text-active\">\n\t\t\t\tL\u00edderes&nbsp;del&nbsp;mercado&nbsp;de&nbsp;comercializaci\u00f3n&nbsp;de&nbsp;palets\t\t\t<\/span>\n\t\t\t\t\t<span class=\"elementor-headline-dynamic-text\">\n\t\t\t\tComprometidos&nbsp;con&nbsp;la&nbsp;sostenibilidad\t\t\t<\/span>\n\t\t\t\t\t<span class=\"elementor-headline-dynamic-text\">\n\t\t\t\tMateriales&nbsp;de&nbsp;primera&nbsp;calidad&nbsp;\t\t\t<\/span>\n\t\t\t\t\t<span class=\"elementor-headline-dynamic-text\">\n\t\t\t\t\t\t\t<\/span>\n\t\t\t\t\t\t<\/span>\n\t\t\t\t<\/h4>\n\t\t\t\t\t\t<\/div>\n\t\t\t\t<\/div>\n\t\t\t\t\t<\/div>\n\t\t<\/div>\n\t\t\t\t\t<\/div>\n\t\t<\/section>\n\t\t\t\t<section class=\"elementor-section elementor-top-section elementor-element elementor-element-5a287275 elementor-section-full_width elementor-section-height-min-height elementor-hidden-desktop elementor-section-height-default elementor-section-items-middle\" data-id=\"5a287275\" data-element_type=\"section\" data-settings=\"{&quot;background_background&quot;:&quot;classic&quot;}\">\n\t\t\t\t\t\t<div class=\"elementor-container elementor-column-gap-default\">\n\t\t\t\t\t<div class=\"elementor-column elementor-col-100 elementor-top-column elementor-element elementor-element-57d41029\" data-id=\"57d41029\" data-element_type=\"column\">\n\t\t\t<div class=\"elementor-widget-wrap elementor-element-populated\">\n\t\t\t\t\t\t<div class=\"elementor-element elementor-element-6acaf5d1 elementor-headline--style-rotate elementor-widget elementor-widget-animated-headline\" data-id=\"6acaf5d1\" data-element_type=\"widget\" data-settings=\"{&quot;headline_style&quot;:&quot;rotate&quot;,&quot;animation_type&quot;:&quot;slide&quot;,&quot;rotating_text&quot;:&quot;L\\u00edderes del mercado de palets\\nComprometidos con la sostenibilidad\\nMateriales de primera calidad \\n&quot;,&quot;loop&quot;:&quot;yes&quot;,&quot;rotate_iteration_delay&quot;:2500}\" data-widget_type=\"animated-headline.default\">\n\t\t\t\t<div class=\"elementor-widget-container\">\n\t\t\t\t\t\t\t<h4 class=\"elementor-headline elementor-headline-animation-type-slide\">\n\t\t\t\t<span class=\"elementor-headline-dynamic-wrapper elementor-headline-text-wrapper\">\n\t\t\t\t\t<span class=\"elementor-headline-dynamic-text elementor-headline-text-active\">\n\t\t\t\tL\u00edderes&nbsp;del&nbsp;mercado&nbsp;de&nbsp;palets\t\t\t<\/span>\n\t\t\t\t\t<span class=\"elementor-headline-dynamic-text\">\n\t\t\t\tComprometidos&nbsp;con&nbsp;la&nbsp;sostenibilidad\t\t\t<\/span>\n\t\t\t\t\t<span class=\"elementor-headline-dynamic-text\">\n\t\t\t\tMateriales&nbsp;de&nbsp;primera&nbsp;calidad&nbsp;\t\t\t<\/span>\n\t\t\t\t\t<span class=\"elementor-headline-dynamic-text\">\n\t\t\t\t\t\t\t<\/span>\n\t\t\t\t\t\t<\/span>\n\t\t\t\t<\/h4>\n\t\t\t\t\t\t<\/div>\n\t\t\t\t<\/div>\n\t\t\t\t\t<\/div>\n\t\t<\/div>\n\t\t\t\t\t<\/div>\n\t\t<\/section>\n\t\t\t\t<\/div>","protected":false},"excerpt":{"rendered":"<p>Compra y venta de Palets Palets de segunda mano En Zona Palets ofrecemos una amplia variedad de palets de segunda mano en perfecto estado, as\u00ed como nuevos a precios muy competitivos. Nuestros palets est\u00e1n disponibles en diferentes tama\u00f1os y caracter\u00edsticas, para adaptarse a las necesidades de nuestros clientes. Adem\u00e1s, ofrecemos servicios de transporte y log\u00edstica&hellip;&nbsp;<a href=\"https:\/\/zonapalets.com\/ca\/compra-y-venta-de-palets\/\" rel=\"bookmark\"><span class=\"screen-reader-text\">Compra-venta de Palets<\/span><\/a><\/p>","protected":false},"author":2,"featured_media":0,"parent":0,"menu_order":0,"comment_status":"closed","ping_status":"closed","template":"page-templates\/template-pagebuilder-full-width.php","meta":{"neve_meta_sidebar":"","neve_meta_container":"","neve_meta_enable_content_width":"off","neve_meta_content_width":100,"neve_meta_title_alignment":"","neve_meta_author_avatar":"","neve_post_elements_order":"","neve_meta_disable_header":"","neve_meta_disable_footer":"","neve_meta_disable_title":"","neve_meta_reading_time":"","footnotes":""},"class_list":["post-245","page","type-page","status-publish","hentry"],"yoast_head":"<!-- This site is optimized with the Yoast SEO plugin v26.7 - https:\/\/yoast.com\/wordpress\/plugins\/seo\/ -->\n<title>Compra-venta de palets - Zona Palets<\/title>\n<meta name=\"description\" content=\"Palets de segunda mano. Ofrecemos palets de segunda mano en perfecto estado, a precios muy competitivos.\" \/>\n<meta name=\"robots\" content=\"index, follow, max-snippet:-1, max-image-preview:large, max-video-preview:-1\" \/>\n<link rel=\"canonical\" href=\"https:\/\/zonapalets.com\/ca\/compra-y-venta-de-palets\/\" \/>\n<meta property=\"og:locale\" content=\"ca_ES\" \/>\n<meta property=\"og:type\" content=\"article\" \/>\n<meta property=\"og:title\" content=\"Compra-venta de palets - Zona Palets\" \/>\n<meta property=\"og:description\" content=\"Palets de segunda mano. Ofrecemos palets de segunda mano en perfecto estado, a precios muy competitivos.\" \/>\n<meta property=\"og:url\" content=\"https:\/\/zonapalets.com\/ca\/compra-y-venta-de-palets\/\" \/>\n<meta property=\"og:site_name\" content=\"Zona Palets | Compra, venta y reciclaje de Palets\" \/>\n<meta property=\"article:modified_time\" content=\"2023-05-29T08:25:18+00:00\" \/>\n<meta property=\"og:image\" content=\"https:\/\/zonapalets.com\/wp-content\/uploads\/2023\/05\/6.jpg\" \/>\n<meta name=\"twitter:card\" content=\"summary_large_image\" \/>\n<meta name=\"twitter:label1\" content=\"Temps estimat de lectura\" \/>\n\t<meta name=\"twitter:data1\" content=\"2 minuts\" \/>\n<script type=\"application\/ld+json\" class=\"yoast-schema-graph\">{\"@context\":\"https:\/\/schema.org\",\"@graph\":[{\"@type\":\"WebPage\",\"@id\":\"https:\/\/zonapalets.com\/compra-y-venta-de-palets\/\",\"url\":\"https:\/\/zonapalets.com\/compra-y-venta-de-palets\/\",\"name\":\"Compra-venta de palets - Zona Palets\",\"isPartOf\":{\"@id\":\"https:\/\/zonapalets.com\/#website\"},\"primaryImageOfPage\":{\"@id\":\"https:\/\/zonapalets.com\/compra-y-venta-de-palets\/#primaryimage\"},\"image\":{\"@id\":\"https:\/\/zonapalets.com\/compra-y-venta-de-palets\/#primaryimage\"},\"thumbnailUrl\":\"https:\/\/zonapalets.com\/wp-content\/uploads\/2023\/05\/6.jpg\",\"datePublished\":\"2023-05-19T07:35:38+00:00\",\"dateModified\":\"2023-05-29T08:25:18+00:00\",\"description\":\"Palets de segunda mano. Ofrecemos palets de segunda mano en perfecto estado, a precios muy competitivos.\",\"breadcrumb\":{\"@id\":\"https:\/\/zonapalets.com\/compra-y-venta-de-palets\/#breadcrumb\"},\"inLanguage\":\"ca\",\"potentialAction\":[{\"@type\":\"ReadAction\",\"target\":[\"https:\/\/zonapalets.com\/compra-y-venta-de-palets\/\"]}]},{\"@type\":\"ImageObject\",\"inLanguage\":\"ca\",\"@id\":\"https:\/\/zonapalets.com\/compra-y-venta-de-palets\/#primaryimage\",\"url\":\"https:\/\/zonapalets.com\/wp-content\/uploads\/2023\/05\/6.jpg\",\"contentUrl\":\"https:\/\/zonapalets.com\/wp-content\/uploads\/2023\/05\/6.jpg\"},{\"@type\":\"BreadcrumbList\",\"@id\":\"https:\/\/zonapalets.com\/compra-y-venta-de-palets\/#breadcrumb\",\"itemListElement\":[{\"@type\":\"ListItem\",\"position\":1,\"name\":\"Portada\",\"item\":\"https:\/\/zonapalets.com\/\"},{\"@type\":\"ListItem\",\"position\":2,\"name\":\"Compra-venta de Palets\"}]},{\"@type\":\"WebSite\",\"@id\":\"https:\/\/zonapalets.com\/#website\",\"url\":\"https:\/\/zonapalets.com\/\",\"name\":\"Zona Palets | Compra, venta y reciclaje de Palets\",\"description\":\"Fabricamos, restauramos y comercializamos palets.\",\"potentialAction\":[{\"@type\":\"SearchAction\",\"target\":{\"@type\":\"EntryPoint\",\"urlTemplate\":\"https:\/\/zonapalets.com\/?s={search_term_string}\"},\"query-input\":{\"@type\":\"PropertyValueSpecification\",\"valueRequired\":true,\"valueName\":\"search_term_string\"}}],\"inLanguage\":\"ca\"}]}<\/script>\n<!-- \/ Yoast SEO plugin. -->","yoast_head_json":{"title":"Compra-venta de palets - Zona Palets","description":"Palets de segunda mano. Ofrecemos palets de segunda mano en perfecto estado, a precios muy competitivos.","robots":{"index":"index","follow":"follow","max-snippet":"max-snippet:-1","max-image-preview":"max-image-preview:large","max-video-preview":"max-video-preview:-1"},"canonical":"https:\/\/zonapalets.com\/ca\/compra-y-venta-de-palets\/","og_locale":"ca_ES","og_type":"article","og_title":"Compra-venta de palets - Zona Palets","og_description":"Palets de segunda mano. Ofrecemos palets de segunda mano en perfecto estado, a precios muy competitivos.","og_url":"https:\/\/zonapalets.com\/ca\/compra-y-venta-de-palets\/","og_site_name":"Zona Palets | Compra, venta y reciclaje de Palets","article_modified_time":"2023-05-29T08:25:18+00:00","og_image":[{"url":"https:\/\/zonapalets.com\/wp-content\/uploads\/2023\/05\/6.jpg","type":"","width":"","height":""}],"twitter_card":"summary_large_image","twitter_misc":{"Temps estimat de lectura":"2 minuts"},"schema":{"@context":"https:\/\/schema.org","@graph":[{"@type":"WebPage","@id":"https:\/\/zonapalets.com\/compra-y-venta-de-palets\/","url":"https:\/\/zonapalets.com\/compra-y-venta-de-palets\/","name":"Compra-venta de palets - Zona Palets","isPartOf":{"@id":"https:\/\/zonapalets.com\/#website"},"primaryImageOfPage":{"@id":"https:\/\/zonapalets.com\/compra-y-venta-de-palets\/#primaryimage"},"image":{"@id":"https:\/\/zonapalets.com\/compra-y-venta-de-palets\/#primaryimage"},"thumbnailUrl":"https:\/\/zonapalets.com\/wp-content\/uploads\/2023\/05\/6.jpg","datePublished":"2023-05-19T07:35:38+00:00","dateModified":"2023-05-29T08:25:18+00:00","description":"Palets de segunda mano. Ofrecemos palets de segunda mano en perfecto estado, a precios muy competitivos.","breadcrumb":{"@id":"https:\/\/zonapalets.com\/compra-y-venta-de-palets\/#breadcrumb"},"inLanguage":"ca","potentialAction":[{"@type":"ReadAction","target":["https:\/\/zonapalets.com\/compra-y-venta-de-palets\/"]}]},{"@type":"ImageObject","inLanguage":"ca","@id":"https:\/\/zonapalets.com\/compra-y-venta-de-palets\/#primaryimage","url":"https:\/\/zonapalets.com\/wp-content\/uploads\/2023\/05\/6.jpg","contentUrl":"https:\/\/zonapalets.com\/wp-content\/uploads\/2023\/05\/6.jpg"},{"@type":"BreadcrumbList","@id":"https:\/\/zonapalets.com\/compra-y-venta-de-palets\/#breadcrumb","itemListElement":[{"@type":"ListItem","position":1,"name":"Portada","item":"https:\/\/zonapalets.com\/"},{"@type":"ListItem","position":2,"name":"Compra-venta de Palets"}]},{"@type":"WebSite","@id":"https:\/\/zonapalets.com\/#website","url":"https:\/\/zonapalets.com\/","name":"Zona Palets | Compra, venta y reciclaje de Palets","description":"Fabricamos, restauramos y comercializamos palets.","potentialAction":[{"@type":"SearchAction","target":{"@type":"EntryPoint","urlTemplate":"https:\/\/zonapalets.com\/?s={search_term_string}"},"query-input":{"@type":"PropertyValueSpecification","valueRequired":true,"valueName":"search_term_string"}}],"inLanguage":"ca"}]}},"_links":{"self":[{"href":"https:\/\/zonapalets.com\/ca\/wp-json\/wp\/v2\/pages\/245","targetHints":{"allow":["GET"]}}],"collection":[{"href":"https:\/\/zonapalets.com\/ca\/wp-json\/wp\/v2\/pages"}],"about":[{"href":"https:\/\/zonapalets.com\/ca\/wp-json\/wp\/v2\/types\/page"}],"author":[{"embeddable":true,"href":"https:\/\/zonapalets.com\/ca\/wp-json\/wp\/v2\/users\/2"}],"replies":[{"embeddable":true,"href":"https:\/\/zonapalets.com\/ca\/wp-json\/wp\/v2\/comments?post=245"}],"version-history":[{"count":1,"href":"https:\/\/zonapalets.com\/ca\/wp-json\/wp\/v2\/pages\/245\/revisions"}],"predecessor-version":[{"id":580,"href":"https:\/\/zonapalets.com\/ca\/wp-json\/wp\/v2\/pages\/245\/revisions\/580"}],"wp:attachment":[{"href":"https:\/\/zonapalets.com\/ca\/wp-json\/wp\/v2\/media?parent=245"}],"curies":[{"name":"wp","href":"https:\/\/api.w.org\/{rel}","templated":true}]}}