{"id":297,"date":"2023-05-19T07:45:20","date_gmt":"2023-05-19T07:45:20","guid":{"rendered":"https:\/\/zonapalets.com\/?page_id=297"},"modified":"2023-05-29T08:23:41","modified_gmt":"2023-05-29T08:23:41","slug":"contacto","status":"publish","type":"page","link":"https:\/\/zonapalets.com\/ca\/contacto\/","title":{"rendered":"Contacto"},"content":{"rendered":"<div data-elementor-type=\"wp-page\" data-elementor-id=\"297\" class=\"elementor elementor-297\" data-elementor-post-type=\"page\">\n\t\t\t\t\t\t<section class=\"elementor-section elementor-top-section elementor-element elementor-element-28a772e elementor-section-full_width elementor-section-height-min-height elementor-section-height-default elementor-section-items-middle elementor-invisible\" data-id=\"28a772e\" data-element_type=\"section\" data-settings=\"{&quot;background_background&quot;:&quot;classic&quot;,&quot;animation&quot;:&quot;fadeInLeft&quot;}\">\n\t\t\t\t\t\t\t<div class=\"elementor-background-overlay\"><\/div>\n\t\t\t\t\t\t\t<div class=\"elementor-container elementor-column-gap-default\">\n\t\t\t\t\t<div class=\"elementor-column elementor-col-100 elementor-top-column elementor-element elementor-element-7b51b03\" data-id=\"7b51b03\" data-element_type=\"column\">\n\t\t\t<div class=\"elementor-widget-wrap elementor-element-populated\">\n\t\t\t\t\t\t<section class=\"elementor-section elementor-inner-section elementor-element elementor-element-643359b elementor-section-boxed elementor-section-height-default elementor-section-height-default\" data-id=\"643359b\" data-element_type=\"section\">\n\t\t\t\t\t\t<div class=\"elementor-container elementor-column-gap-default\">\n\t\t\t\t\t<div class=\"elementor-column elementor-col-100 elementor-inner-column elementor-element elementor-element-a0c7420\" data-id=\"a0c7420\" data-element_type=\"column\">\n\t\t\t<div class=\"elementor-widget-wrap elementor-element-populated\">\n\t\t\t\t\t\t<div class=\"elementor-element elementor-element-ab844a6 elementor-widget elementor-widget-heading\" data-id=\"ab844a6\" data-element_type=\"widget\" data-widget_type=\"heading.default\">\n\t\t\t\t<div class=\"elementor-widget-container\">\n\t\t\t\t\t<h2 class=\"elementor-heading-title elementor-size-default\">Contacto<\/h2>\t\t\t\t<\/div>\n\t\t\t\t<\/div>\n\t\t\t\t\t<\/div>\n\t\t<\/div>\n\t\t\t\t\t<\/div>\n\t\t<\/section>\n\t\t\t\t\t<\/div>\n\t\t<\/div>\n\t\t\t\t\t<\/div>\n\t\t<\/section>\n\t\t\t\t<section class=\"elementor-section elementor-top-section elementor-element elementor-element-07de641 elementor-section-content-bottom elementor-section-boxed elementor-section-height-default elementor-section-height-default\" data-id=\"07de641\" data-element_type=\"section\">\n\t\t\t\t\t\t<div class=\"elementor-container elementor-column-gap-no\">\n\t\t\t\t\t<div class=\"elementor-column elementor-col-50 elementor-top-column elementor-element elementor-element-3cef6bb\" data-id=\"3cef6bb\" data-element_type=\"column\">\n\t\t\t<div class=\"elementor-widget-wrap elementor-element-populated\">\n\t\t\t\t\t\t<div class=\"elementor-element elementor-element-f9c0098 elementor-widget elementor-widget-heading\" data-id=\"f9c0098\" data-element_type=\"widget\" data-widget_type=\"heading.default\">\n\t\t\t\t<div class=\"elementor-widget-container\">\n\t\t\t\t\t<h2 class=\"elementor-heading-title elementor-size-default\">\u00bfHablamos?<\/h2>\t\t\t\t<\/div>\n\t\t\t\t<\/div>\n\t\t\t\t<div class=\"elementor-element elementor-element-6b0ce75 elementor-widget-divider--view-line elementor-widget elementor-widget-divider\" data-id=\"6b0ce75\" data-element_type=\"widget\" data-widget_type=\"divider.default\">\n\t\t\t\t<div class=\"elementor-widget-container\">\n\t\t\t\t\t\t\t<div class=\"elementor-divider\">\n\t\t\t<span class=\"elementor-divider-separator\">\n\t\t\t\t\t\t<\/span>\n\t\t<\/div>\n\t\t\t\t\t\t<\/div>\n\t\t\t\t<\/div>\n\t\t\t\t<div class=\"elementor-element elementor-element-a91dee7 elementor-widget elementor-widget-text-editor\" data-id=\"a91dee7\" data-element_type=\"widget\" data-widget_type=\"text-editor.default\">\n\t\t\t\t<div class=\"elementor-widget-container\">\n\t\t\t\t\t\t\t\t\t<p>Ofrecemos un servicio integral en la distribuci\u00f3n, restauraci\u00f3n, venta y reciclaje de Palets en Barcelona. Si est\u00e1 interesado en alguno de nuestros servicios no dude en contactar con nosotros.<\/p>\t\t\t\t\t\t\t\t<\/div>\n\t\t\t\t<\/div>\n\t\t\t\t\t<\/div>\n\t\t<\/div>\n\t\t\t\t<div class=\"elementor-column elementor-col-50 elementor-top-column elementor-element elementor-element-0eb6799\" data-id=\"0eb6799\" data-element_type=\"column\">\n\t\t\t<div class=\"elementor-widget-wrap elementor-element-populated\">\n\t\t\t\t\t\t<div class=\"elementor-element elementor-element-176f1d6 elementor-position-inline-start elementor-view-default elementor-mobile-position-block-start elementor-widget elementor-widget-icon-box\" data-id=\"176f1d6\" data-element_type=\"widget\" data-widget_type=\"icon-box.default\">\n\t\t\t\t<div class=\"elementor-widget-container\">\n\t\t\t\t\t\t\t<div class=\"elementor-icon-box-wrapper\">\n\n\t\t\t\t\t\t<div class=\"elementor-icon-box-icon\">\n\t\t\t\t<span  class=\"elementor-icon\">\n\t\t\t\t<i aria-hidden=\"true\" class=\"fas fa-map-marker-alt\"><\/i>\t\t\t\t<\/span>\n\t\t\t<\/div>\n\t\t\t\n\t\t\t\t\t\t<div class=\"elementor-icon-box-content\">\n\n\t\t\t\t\t\t\t\t\t<h6 class=\"elementor-icon-box-title\">\n\t\t\t\t\t\t<span  >\n\t\t\t\t\t\t\tDIRECCI\u00d3N\t\t\t\t\t\t<\/span>\n\t\t\t\t\t<\/h6>\n\t\t\t\t\n\t\t\t\t\t\t\t\t\t<p class=\"elementor-icon-box-description\">\n\t\t\t\t\t\tAv. de Sant Juli\u00e0, 76, 08403 Granollers, Barcelona\t\t\t\t\t<\/p>\n\t\t\t\t\n\t\t\t<\/div>\n\t\t\t\n\t\t<\/div>\n\t\t\t\t\t\t<\/div>\n\t\t\t\t<\/div>\n\t\t\t\t<div class=\"elementor-element elementor-element-96a7471 elementor-position-inline-start elementor-view-default elementor-mobile-position-block-start elementor-widget elementor-widget-icon-box\" data-id=\"96a7471\" data-element_type=\"widget\" data-widget_type=\"icon-box.default\">\n\t\t\t\t<div class=\"elementor-widget-container\">\n\t\t\t\t\t\t\t<div class=\"elementor-icon-box-wrapper\">\n\n\t\t\t\t\t\t<div class=\"elementor-icon-box-icon\">\n\t\t\t\t<a href=\"tel: 34666 14 14 88\" class=\"elementor-icon\" tabindex=\"-1\" aria-label=\"TEL\u00c9FONO\">\n\t\t\t\t<i aria-hidden=\"true\" class=\"fas fa-phone\"><\/i>\t\t\t\t<\/a>\n\t\t\t<\/div>\n\t\t\t\n\t\t\t\t\t\t<div class=\"elementor-icon-box-content\">\n\n\t\t\t\t\t\t\t\t\t<h6 class=\"elementor-icon-box-title\">\n\t\t\t\t\t\t<a href=\"tel: 34666 14 14 88\" >\n\t\t\t\t\t\t\tTEL\u00c9FONO\t\t\t\t\t\t<\/a>\n\t\t\t\t\t<\/h6>\n\t\t\t\t\n\t\t\t\t\t\t\t\t\t<p class=\"elementor-icon-box-description\">\n\t\t\t\t\t\t666 14 14 88\t\t\t\t\t<\/p>\n\t\t\t\t\n\t\t\t<\/div>\n\t\t\t\n\t\t<\/div>\n\t\t\t\t\t\t<\/div>\n\t\t\t\t<\/div>\n\t\t\t\t<div class=\"elementor-element elementor-element-5e5c6bb elementor-position-inline-start elementor-view-default elementor-mobile-position-block-start elementor-widget elementor-widget-icon-box\" data-id=\"5e5c6bb\" data-element_type=\"widget\" data-widget_type=\"icon-box.default\">\n\t\t\t\t<div class=\"elementor-widget-container\">\n\t\t\t\t\t\t\t<div class=\"elementor-icon-box-wrapper\">\n\n\t\t\t\t\t\t<div class=\"elementor-icon-box-icon\">\n\t\t\t\t<a href=\"mailto:contacto@zonapalets.com\" class=\"elementor-icon\" tabindex=\"-1\" aria-label=\"Email\">\n\t\t\t\t<i aria-hidden=\"true\" class=\"fas fa-envelope\"><\/i>\t\t\t\t<\/a>\n\t\t\t<\/div>\n\t\t\t\n\t\t\t\t\t\t<div class=\"elementor-icon-box-content\">\n\n\t\t\t\t\t\t\t\t\t<h6 class=\"elementor-icon-box-title\">\n\t\t\t\t\t\t<a href=\"mailto:contacto@zonapalets.com\" >\n\t\t\t\t\t\t\tEmail\t\t\t\t\t\t<\/a>\n\t\t\t\t\t<\/h6>\n\t\t\t\t\n\t\t\t\t\t\t\t\t\t<p class=\"elementor-icon-box-description\">\n\t\t\t\t\t\tcontacto@zonapalets.com\t\t\t\t\t<\/p>\n\t\t\t\t\n\t\t\t<\/div>\n\t\t\t\n\t\t<\/div>\n\t\t\t\t\t\t<\/div>\n\t\t\t\t<\/div>\n\t\t\t\t\t<\/div>\n\t\t<\/div>\n\t\t\t\t\t<\/div>\n\t\t<\/section>\n\t\t\t\t<section class=\"elementor-section elementor-top-section elementor-element elementor-element-3f4f3865 elementor-section-full_width elementor-section-height-min-height elementor-hidden-tablet elementor-hidden-mobile elementor-section-height-default elementor-section-items-middle\" data-id=\"3f4f3865\" data-element_type=\"section\" data-settings=\"{&quot;background_background&quot;:&quot;classic&quot;}\">\n\t\t\t\t\t\t<div class=\"elementor-container elementor-column-gap-default\">\n\t\t\t\t\t<div class=\"elementor-column elementor-col-100 elementor-top-column elementor-element elementor-element-57c1d8b3\" data-id=\"57c1d8b3\" data-element_type=\"column\">\n\t\t\t<div class=\"elementor-widget-wrap elementor-element-populated\">\n\t\t\t\t\t\t<div class=\"elementor-element elementor-element-27a874e0 elementor-headline--style-rotate elementor-widget elementor-widget-animated-headline\" data-id=\"27a874e0\" data-element_type=\"widget\" data-settings=\"{&quot;headline_style&quot;:&quot;rotate&quot;,&quot;animation_type&quot;:&quot;slide&quot;,&quot;rotating_text&quot;:&quot;L\\u00edderes del mercado de comercializaci\\u00f3n de palets\\nComprometidos con la sostenibilidad\\nMateriales de primera calidad \\n&quot;,&quot;loop&quot;:&quot;yes&quot;,&quot;rotate_iteration_delay&quot;:2500}\" data-widget_type=\"animated-headline.default\">\n\t\t\t\t<div class=\"elementor-widget-container\">\n\t\t\t\t\t\t\t<h4 class=\"elementor-headline elementor-headline-animation-type-slide\">\n\t\t\t\t<span class=\"elementor-headline-dynamic-wrapper elementor-headline-text-wrapper\">\n\t\t\t\t\t<span class=\"elementor-headline-dynamic-text elementor-headline-text-active\">\n\t\t\t\tL\u00edderes&nbsp;del&nbsp;mercado&nbsp;de&nbsp;comercializaci\u00f3n&nbsp;de&nbsp;palets\t\t\t<\/span>\n\t\t\t\t\t<span class=\"elementor-headline-dynamic-text\">\n\t\t\t\tComprometidos&nbsp;con&nbsp;la&nbsp;sostenibilidad\t\t\t<\/span>\n\t\t\t\t\t<span class=\"elementor-headline-dynamic-text\">\n\t\t\t\tMateriales&nbsp;de&nbsp;primera&nbsp;calidad&nbsp;\t\t\t<\/span>\n\t\t\t\t\t<span class=\"elementor-headline-dynamic-text\">\n\t\t\t\t\t\t\t<\/span>\n\t\t\t\t\t\t<\/span>\n\t\t\t\t<\/h4>\n\t\t\t\t\t\t<\/div>\n\t\t\t\t<\/div>\n\t\t\t\t\t<\/div>\n\t\t<\/div>\n\t\t\t\t\t<\/div>\n\t\t<\/section>\n\t\t\t\t<section class=\"elementor-section elementor-top-section elementor-element elementor-element-4035d7e2 elementor-section-full_width elementor-section-height-min-height elementor-hidden-desktop elementor-section-height-default elementor-section-items-middle\" data-id=\"4035d7e2\" data-element_type=\"section\" data-settings=\"{&quot;background_background&quot;:&quot;classic&quot;}\">\n\t\t\t\t\t\t<div class=\"elementor-container elementor-column-gap-default\">\n\t\t\t\t\t<div class=\"elementor-column elementor-col-100 elementor-top-column elementor-element elementor-element-305f76fb\" data-id=\"305f76fb\" data-element_type=\"column\">\n\t\t\t<div class=\"elementor-widget-wrap elementor-element-populated\">\n\t\t\t\t\t\t<div class=\"elementor-element elementor-element-76c6e665 elementor-headline--style-rotate elementor-widget elementor-widget-animated-headline\" data-id=\"76c6e665\" data-element_type=\"widget\" data-settings=\"{&quot;headline_style&quot;:&quot;rotate&quot;,&quot;animation_type&quot;:&quot;slide&quot;,&quot;rotating_text&quot;:&quot;L\\u00edderes del mercado de palets\\nComprometidos con la sostenibilidad\\nMateriales de primera calidad \\n&quot;,&quot;loop&quot;:&quot;yes&quot;,&quot;rotate_iteration_delay&quot;:2500}\" data-widget_type=\"animated-headline.default\">\n\t\t\t\t<div class=\"elementor-widget-container\">\n\t\t\t\t\t\t\t<h4 class=\"elementor-headline elementor-headline-animation-type-slide\">\n\t\t\t\t<span class=\"elementor-headline-dynamic-wrapper elementor-headline-text-wrapper\">\n\t\t\t\t\t<span class=\"elementor-headline-dynamic-text elementor-headline-text-active\">\n\t\t\t\tL\u00edderes&nbsp;del&nbsp;mercado&nbsp;de&nbsp;palets\t\t\t<\/span>\n\t\t\t\t\t<span class=\"elementor-headline-dynamic-text\">\n\t\t\t\tComprometidos&nbsp;con&nbsp;la&nbsp;sostenibilidad\t\t\t<\/span>\n\t\t\t\t\t<span class=\"elementor-headline-dynamic-text\">\n\t\t\t\tMateriales&nbsp;de&nbsp;primera&nbsp;calidad&nbsp;\t\t\t<\/span>\n\t\t\t\t\t<span class=\"elementor-headline-dynamic-text\">\n\t\t\t\t\t\t\t<\/span>\n\t\t\t\t\t\t<\/span>\n\t\t\t\t<\/h4>\n\t\t\t\t\t\t<\/div>\n\t\t\t\t<\/div>\n\t\t\t\t\t<\/div>\n\t\t<\/div>\n\t\t\t\t\t<\/div>\n\t\t<\/section>\n\t\t\t\t<section class=\"elementor-section elementor-top-section elementor-element elementor-element-9697df9 elementor-section-full_width elementor-section-height-default elementor-section-height-default\" data-id=\"9697df9\" data-element_type=\"section\">\n\t\t\t\t\t\t<div class=\"elementor-container elementor-column-gap-default\">\n\t\t\t\t\t<div class=\"elementor-column elementor-col-100 elementor-top-column elementor-element elementor-element-51c769d\" data-id=\"51c769d\" data-element_type=\"column\">\n\t\t\t<div class=\"elementor-widget-wrap elementor-element-populated\">\n\t\t\t\t\t\t<div class=\"elementor-element elementor-element-8b35716 elementor-widget elementor-widget-html\" data-id=\"8b35716\" data-element_type=\"widget\" data-widget_type=\"html.default\">\n\t\t\t\t<div class=\"elementor-widget-container\">\n\t\t\t\t\t<iframe src=\"https:\/\/www.google.com\/maps\/embed?pb=!1m14!1m8!1m3!1d11935.329340287424!2d2.2746248!3d41.5945098!3m2!1i1024!2i768!4f13.1!3m3!1m2!1s0x12a4c7d83a0b2835%3A0x4b7caa440e7a11a6!2sZONA%20PALETS%20S.L.!5e0!3m2!1ses!2ses!4v1684489372068!5m2!1ses!2ses\" width=\"600\" height=\"450\" style=\"border:0;\" allowfullscreen=\"\" loading=\"lazy\" referrerpolicy=\"no-referrer-when-downgrade\"><\/iframe>\t\t\t\t<\/div>\n\t\t\t\t<\/div>\n\t\t\t\t\t<\/div>\n\t\t<\/div>\n\t\t\t\t\t<\/div>\n\t\t<\/section>\n\t\t\t\t<\/div>","protected":false},"excerpt":{"rendered":"<p>Contacto \u00bfHablamos? Ofrecemos un servicio integral en la distribuci\u00f3n, restauraci\u00f3n, venta y reciclaje de Palets en Barcelona. Si est\u00e1 interesado en alguno de nuestros servicios no dude en contactar con nosotros. &nbsp; DIRECCI\u00d3N Av. de Sant Juli\u00e0, 76, 08403 Granollers, Barcelona \u00a0 TEL\u00c9FONO 666 14 14 88 \u00a0 Email contacto@zonapalets.com &nbsp; L\u00edderes\u00a0del\u00a0mercado\u00a0de\u00a0comercializaci\u00f3n\u00a0de\u00a0palets Comprometidos\u00a0con\u00a0la\u00a0sostenibilidad Materiales\u00a0de\u00a0primera\u00a0calidad L\u00edderes\u00a0del\u00a0mercado\u00a0de\u00a0palets&hellip;&nbsp;<a href=\"https:\/\/zonapalets.com\/ca\/contacto\/\" rel=\"bookmark\"><span class=\"screen-reader-text\">Contacto<\/span><\/a><\/p>","protected":false},"author":2,"featured_media":0,"parent":0,"menu_order":0,"comment_status":"closed","ping_status":"closed","template":"page-templates\/template-pagebuilder-full-width.php","meta":{"neve_meta_sidebar":"","neve_meta_container":"","neve_meta_enable_content_width":"off","neve_meta_content_width":100,"neve_meta_title_alignment":"","neve_meta_author_avatar":"","neve_post_elements_order":"","neve_meta_disable_header":"","neve_meta_disable_footer":"","neve_meta_disable_title":"","neve_meta_reading_time":"","footnotes":""},"class_list":["post-297","page","type-page","status-publish","hentry"],"yoast_head":"<!-- This site is optimized with the Yoast SEO plugin v26.7 - https:\/\/yoast.com\/wordpress\/plugins\/seo\/ -->\n<title>Contacta con nosotros - Zona Palets<\/title>\n<meta name=\"description\" content=\"\u00bfNos necesitas? Ofrecemos un servicio integral en la distribuci\u00f3n, restauraci\u00f3n, venta y reciclaje de Palets en Barcelona.\" \/>\n<meta name=\"robots\" content=\"index, follow, max-snippet:-1, max-image-preview:large, max-video-preview:-1\" \/>\n<link rel=\"canonical\" href=\"https:\/\/zonapalets.com\/ca\/contacto\/\" \/>\n<meta property=\"og:locale\" content=\"ca_ES\" \/>\n<meta property=\"og:type\" content=\"article\" \/>\n<meta property=\"og:title\" content=\"Contacta con nosotros - Zona Palets\" \/>\n<meta property=\"og:description\" content=\"\u00bfNos necesitas? Ofrecemos un servicio integral en la distribuci\u00f3n, restauraci\u00f3n, venta y reciclaje de Palets en Barcelona.\" \/>\n<meta property=\"og:url\" content=\"https:\/\/zonapalets.com\/ca\/contacto\/\" \/>\n<meta property=\"og:site_name\" content=\"Zona Palets | Compra, venta y reciclaje de Palets\" \/>\n<meta property=\"article:modified_time\" content=\"2023-05-29T08:23:41+00:00\" \/>\n<meta name=\"twitter:card\" content=\"summary_large_image\" \/>\n<meta name=\"twitter:label1\" content=\"Temps estimat de lectura\" \/>\n\t<meta name=\"twitter:data1\" content=\"1 minut\" \/>\n<script type=\"application\/ld+json\" class=\"yoast-schema-graph\">{\"@context\":\"https:\/\/schema.org\",\"@graph\":[{\"@type\":\"WebPage\",\"@id\":\"https:\/\/zonapalets.com\/contacto\/\",\"url\":\"https:\/\/zonapalets.com\/contacto\/\",\"name\":\"Contacta con nosotros - Zona Palets\",\"isPartOf\":{\"@id\":\"https:\/\/zonapalets.com\/#website\"},\"datePublished\":\"2023-05-19T07:45:20+00:00\",\"dateModified\":\"2023-05-29T08:23:41+00:00\",\"description\":\"\u00bfNos necesitas? Ofrecemos un servicio integral en la distribuci\u00f3n, restauraci\u00f3n, venta y reciclaje de Palets en Barcelona.\",\"breadcrumb\":{\"@id\":\"https:\/\/zonapalets.com\/contacto\/#breadcrumb\"},\"inLanguage\":\"ca\",\"potentialAction\":[{\"@type\":\"ReadAction\",\"target\":[\"https:\/\/zonapalets.com\/contacto\/\"]}]},{\"@type\":\"BreadcrumbList\",\"@id\":\"https:\/\/zonapalets.com\/contacto\/#breadcrumb\",\"itemListElement\":[{\"@type\":\"ListItem\",\"position\":1,\"name\":\"Portada\",\"item\":\"https:\/\/zonapalets.com\/\"},{\"@type\":\"ListItem\",\"position\":2,\"name\":\"Contacto\"}]},{\"@type\":\"WebSite\",\"@id\":\"https:\/\/zonapalets.com\/#website\",\"url\":\"https:\/\/zonapalets.com\/\",\"name\":\"Zona Palets | Compra, venta y reciclaje de Palets\",\"description\":\"Fabricamos, restauramos y comercializamos palets.\",\"potentialAction\":[{\"@type\":\"SearchAction\",\"target\":{\"@type\":\"EntryPoint\",\"urlTemplate\":\"https:\/\/zonapalets.com\/?s={search_term_string}\"},\"query-input\":{\"@type\":\"PropertyValueSpecification\",\"valueRequired\":true,\"valueName\":\"search_term_string\"}}],\"inLanguage\":\"ca\"}]}<\/script>\n<!-- \/ Yoast SEO plugin. -->","yoast_head_json":{"title":"Contacta con nosotros - Zona Palets","description":"\u00bfNos necesitas? Ofrecemos un servicio integral en la distribuci\u00f3n, restauraci\u00f3n, venta y reciclaje de Palets en Barcelona.","robots":{"index":"index","follow":"follow","max-snippet":"max-snippet:-1","max-image-preview":"max-image-preview:large","max-video-preview":"max-video-preview:-1"},"canonical":"https:\/\/zonapalets.com\/ca\/contacto\/","og_locale":"ca_ES","og_type":"article","og_title":"Contacta con nosotros - Zona Palets","og_description":"\u00bfNos necesitas? Ofrecemos un servicio integral en la distribuci\u00f3n, restauraci\u00f3n, venta y reciclaje de Palets en Barcelona.","og_url":"https:\/\/zonapalets.com\/ca\/contacto\/","og_site_name":"Zona Palets | Compra, venta y reciclaje de Palets","article_modified_time":"2023-05-29T08:23:41+00:00","twitter_card":"summary_large_image","twitter_misc":{"Temps estimat de lectura":"1 minut"},"schema":{"@context":"https:\/\/schema.org","@graph":[{"@type":"WebPage","@id":"https:\/\/zonapalets.com\/contacto\/","url":"https:\/\/zonapalets.com\/contacto\/","name":"Contacta con nosotros - Zona Palets","isPartOf":{"@id":"https:\/\/zonapalets.com\/#website"},"datePublished":"2023-05-19T07:45:20+00:00","dateModified":"2023-05-29T08:23:41+00:00","description":"\u00bfNos necesitas? Ofrecemos un servicio integral en la distribuci\u00f3n, restauraci\u00f3n, venta y reciclaje de Palets en Barcelona.","breadcrumb":{"@id":"https:\/\/zonapalets.com\/contacto\/#breadcrumb"},"inLanguage":"ca","potentialAction":[{"@type":"ReadAction","target":["https:\/\/zonapalets.com\/contacto\/"]}]},{"@type":"BreadcrumbList","@id":"https:\/\/zonapalets.com\/contacto\/#breadcrumb","itemListElement":[{"@type":"ListItem","position":1,"name":"Portada","item":"https:\/\/zonapalets.com\/"},{"@type":"ListItem","position":2,"name":"Contacto"}]},{"@type":"WebSite","@id":"https:\/\/zonapalets.com\/#website","url":"https:\/\/zonapalets.com\/","name":"Zona Palets | Compra, venta y reciclaje de Palets","description":"Fabricamos, restauramos y comercializamos palets.","potentialAction":[{"@type":"SearchAction","target":{"@type":"EntryPoint","urlTemplate":"https:\/\/zonapalets.com\/?s={search_term_string}"},"query-input":{"@type":"PropertyValueSpecification","valueRequired":true,"valueName":"search_term_string"}}],"inLanguage":"ca"}]}},"_links":{"self":[{"href":"https:\/\/zonapalets.com\/ca\/wp-json\/wp\/v2\/pages\/297","targetHints":{"allow":["GET"]}}],"collection":[{"href":"https:\/\/zonapalets.com\/ca\/wp-json\/wp\/v2\/pages"}],"about":[{"href":"https:\/\/zonapalets.com\/ca\/wp-json\/wp\/v2\/types\/page"}],"author":[{"embeddable":true,"href":"https:\/\/zonapalets.com\/ca\/wp-json\/wp\/v2\/users\/2"}],"replies":[{"embeddable":true,"href":"https:\/\/zonapalets.com\/ca\/wp-json\/wp\/v2\/comments?post=297"}],"version-history":[{"count":1,"href":"https:\/\/zonapalets.com\/ca\/wp-json\/wp\/v2\/pages\/297\/revisions"}],"predecessor-version":[{"id":576,"href":"https:\/\/zonapalets.com\/ca\/wp-json\/wp\/v2\/pages\/297\/revisions\/576"}],"wp:attachment":[{"href":"https:\/\/zonapalets.com\/ca\/wp-json\/wp\/v2\/media?parent=297"}],"curies":[{"name":"wp","href":"https:\/\/api.w.org\/{rel}","templated":true}]}}