{"id":453,"date":"2023-05-20T20:14:46","date_gmt":"2023-05-20T20:14:46","guid":{"rendered":"https:\/\/zonapalets.com\/?page_id=453"},"modified":"2023-11-09T10:08:33","modified_gmt":"2023-11-09T10:08:33","slug":"politica-de-privacidad","status":"publish","type":"page","link":"https:\/\/zonapalets.com\/ca\/politica-de-privacidad\/","title":{"rendered":"Pol\u00edtica de privacidad"},"content":{"rendered":"<div data-elementor-type=\"wp-page\" data-elementor-id=\"453\" class=\"elementor elementor-453\" data-elementor-post-type=\"page\">\n\t\t\t\t\t\t<section class=\"elementor-section elementor-top-section elementor-element elementor-element-28a772e elementor-section-full_width elementor-section-height-min-height elementor-section-height-default elementor-section-items-middle elementor-invisible\" data-id=\"28a772e\" data-element_type=\"section\" data-settings=\"{&quot;background_background&quot;:&quot;classic&quot;,&quot;animation&quot;:&quot;fadeInLeft&quot;}\">\n\t\t\t\t\t\t\t<div class=\"elementor-background-overlay\"><\/div>\n\t\t\t\t\t\t\t<div class=\"elementor-container elementor-column-gap-default\">\n\t\t\t\t\t<div class=\"elementor-column elementor-col-100 elementor-top-column elementor-element elementor-element-7b51b03\" data-id=\"7b51b03\" data-element_type=\"column\">\n\t\t\t<div class=\"elementor-widget-wrap elementor-element-populated\">\n\t\t\t\t\t\t<section class=\"elementor-section elementor-inner-section elementor-element elementor-element-643359b elementor-section-boxed elementor-section-height-default elementor-section-height-default\" data-id=\"643359b\" data-element_type=\"section\">\n\t\t\t\t\t\t<div class=\"elementor-container elementor-column-gap-default\">\n\t\t\t\t\t<div class=\"elementor-column elementor-col-100 elementor-inner-column elementor-element elementor-element-a0c7420\" data-id=\"a0c7420\" data-element_type=\"column\">\n\t\t\t<div class=\"elementor-widget-wrap elementor-element-populated\">\n\t\t\t\t\t\t<div class=\"elementor-element elementor-element-ab844a6 elementor-widget elementor-widget-heading\" data-id=\"ab844a6\" data-element_type=\"widget\" data-widget_type=\"heading.default\">\n\t\t\t\t<div class=\"elementor-widget-container\">\n\t\t\t\t\t<h1 class=\"elementor-heading-title elementor-size-default\">Pol\u00edtica de privacidad<\/h1>\t\t\t\t<\/div>\n\t\t\t\t<\/div>\n\t\t\t\t\t<\/div>\n\t\t<\/div>\n\t\t\t\t\t<\/div>\n\t\t<\/section>\n\t\t\t\t\t<\/div>\n\t\t<\/div>\n\t\t\t\t\t<\/div>\n\t\t<\/section>\n\t\t\t\t<section class=\"elementor-section elementor-top-section elementor-element elementor-element-07de641 elementor-section-content-bottom elementor-section-boxed elementor-section-height-default elementor-section-height-default\" data-id=\"07de641\" data-element_type=\"section\">\n\t\t\t\t\t\t<div class=\"elementor-container elementor-column-gap-no\">\n\t\t\t\t\t<div class=\"elementor-column elementor-col-100 elementor-top-column elementor-element elementor-element-3cef6bb\" data-id=\"3cef6bb\" data-element_type=\"column\">\n\t\t\t<div class=\"elementor-widget-wrap elementor-element-populated\">\n\t\t\t\t\t\t<div class=\"elementor-element elementor-element-a91dee7 elementor-widget elementor-widget-text-editor\" data-id=\"a91dee7\" data-element_type=\"widget\" data-widget_type=\"text-editor.default\">\n\t\t\t\t<div class=\"elementor-widget-container\">\n\t\t\t\t\t\t\t\t\t<h2>POL\u00cdTICA DE PRIVACIDAD<\/h2><p>En ZONA PALETS, S.L. nos preocupamos por la privacidad y la transparencia.<\/p><p><strong>\u00bfQui\u00e9n es el responsable del tratamiento de sus datos?<\/strong><\/p><p>ZONA PALETS, S.L.<\/p><p>B67329672<\/p><p>AVENIDA SANT JULIA, 76 POL. IND. CONGOST &#8211; 08403 &#8211; GRANOLLERS \u2013 BARCELONA.<\/p><p>666 14 14 88<\/p><p><a href=\"mailto:info@jaglogistica.com\">zonapalets@gmail.com<\/a>.<\/p><p>A continuaci\u00f3n, le indicamos en detalle los tratamientos de datos personales que realizamos, as\u00ed como toda la informaci\u00f3n relativa a los mismos.<\/p><p><strong>\u00bfCon qu\u00e9 finalidad tratamos sus datos personales?<\/strong><\/p><ul><li><strong>Tratamiento de datos de clientes:<\/strong> Realizar la gesti\u00f3n administrativa, contable y fiscal de los servicios y gestionar el cobro o pago del mismo, as\u00ed como enviar comunicaciones promocionales sobre nuestros productos y servicios. En el caso de que no facilite sus datos personales, no podremos cumplir con las finalidades descritas.<\/li><li><strong>Tratamiento de datos de potenciales clientes y contactos:<\/strong> Realizar la gesti\u00f3n de potenciales clientes que se han interesado sobre nuestros servicios y atender la solicitud y preparar un presupuesto si se solicita, as\u00ed como otros contactos comerciales, y, en su caso, enviar comunicaciones comerciales. En el caso de que no facilite sus datos personales, no podremos cumplir con las finalidades descritas.<\/li><\/ul><p>Asimismo, quien facilita los datos a trav\u00e9s de los formularios de esta web declara ser mayor de 14 a\u00f1os, quedando prohibido el acceso y uso del portal a menores de dicha edad. Si en alg\u00fan momento, el Responsable detecta que un menor de 14 a\u00f1os ha proporcionado datos de car\u00e1cter personal, procederemos a la supresi\u00f3n de los mismos.<\/p><ul><li><strong>Tratamiento de datos de candidatos a un puesto de trabajo:<\/strong> Gestionar los Curriculum Vitae recibidos y realizar los procesos de selecci\u00f3n de personal, entrevistas y dem\u00e1s tr\u00e1mites necesarios para la b\u00fasqueda del mejor candidato posible a un puesto de trabajo determinado. En el caso de que no facilite sus datos personales, no podremos cumplir con las finalidades descritas.<\/li><\/ul><p>En ninguno de los tratamientos no se van a tomar decisiones automatizadas en base a los datos proporcionados.<\/p><p><strong>\u00bfPor cu\u00e1nto tiempo conservaremos sus datos?<\/strong><\/p><ul><li><strong>Tratamiento de datos de clientes:<\/strong> Los datos se conservar\u00e1n mientras el interesado no solicite su supresi\u00f3n y, como plazo m\u00e1ximo, durante los a\u00f1os necesarios para cumplir con las obligaciones legales.<\/li><li><strong>Tratamiento de datos de potenciales clientes y contactos: <\/strong>Los datos se conservar\u00e1n mientras el interesado no solicite su supresi\u00f3n, siempre y cuando sean necesarios para las finalidades descritas. Se suprimir\u00e1n una vez dejen de ser necesarios para la finalidad descrita.<\/li><li><strong>Tratamiento de datos de candidatos a un puesto de trabajo:<\/strong> Dos a\u00f1os desde la \u00faltima interacci\u00f3n.<\/li><\/ul><p><strong>\u00bfCu\u00e1l es la legitimaci\u00f3n para el tratamiento de sus datos?<\/strong><\/p><p>Le indicamos la base legal para el tratamiento de sus datos:<\/p><ul><li><strong>Tratamiento de datos de clientes:<\/strong><ul><li>Ejecuci\u00f3n de un contrato: Prestar el servicio contratado, realizar la gesti\u00f3n administrativa, contable y fiscal de los servicios y gestionar el cobro del mismo. (RGPD art. 6.1.b).<\/li><li>Inter\u00e9s leg\u00edtimo del Responsable: Env\u00edo de comunicaciones promocionales incluso por v\u00eda electr\u00f3nica. (RGPD Considerando 47, LSSICE art. 21.2).<\/li><\/ul><\/li><li><strong>Tratamiento de datos de potenciales clientes y contactos: <\/strong><ul><li>Ejecuci\u00f3n de un contrato: Gesti\u00f3n de potenciales clientes que se han interesado sobre nuestros productos y\/o servicios. (RGPD, art. 6.1.b).<\/li><li>Inter\u00e9s leg\u00edtimo del Responsable: Gesti\u00f3n de los datos de contacto profesionales (LOPDGDD art.19, RGPD art. 6.1.f).<\/li><li>Consentimiento del interesado: Enviar comunicaciones promocionales, inclusive por v\u00eda electr\u00f3nica. (RGPD, art. 6.1.a, LSSICE art.21).<\/li><\/ul><\/li><li><strong>Tratamiento de datos de candidatos a un puesto de trabajo: <\/strong><ul><li>Ejecuci\u00f3n de un contrato: Gesti\u00f3n de los Curriculum Vitae entregados por el candidato para realizar los procesos de selecci\u00f3n de personal para la b\u00fasqueda del mejor candidato posible a un puesto de trabajo determinado. (RGPD art. 6.1.b).<\/li><\/ul><\/li><\/ul><p><strong>\u00bfA qu\u00e9 destinatarios se comunicar\u00e1n sus datos?<\/strong><\/p><ul><li><strong>Tratamiento de datos de clientes: <\/strong><ul><li>Administraci\u00f3n p\u00fablica con competencia en la materia, con la finalidad de cumplir con las obligaciones legales (requisito legal).<\/li><li>Administraci\u00f3n Tributaria, con la finalidad de cumplir las obligaciones legales (requisito legal)<\/li><li>Entidades financieras, con la finalidad de realizar los cobros o girar los recibos correspondientes (requisito contractual)<\/li><li>Empresas del grupo MOA, con la finalidad de colaborar en la gesti\u00f3n y prestaci\u00f3n del servicio (requisito contractual).<\/li><\/ul><\/li><li><strong>Tratamiento de datos de potenciales clientes y contactos:<\/strong> No se ceder\u00e1n datos a terceros, salvo obligaci\u00f3n legal.<\/li><li><strong>Tratamiento de datos de candidatos a un puesto de trabajo:<\/strong><ul><li>Empresas del Grupo MOA, con la finalidad de colaborar en los procesos de selecci\u00f3n de personal (requisito contractual).<\/li><\/ul><\/li><\/ul><p>Transferencias de datos a terceros pa\u00edses<\/p><p>No est\u00e1n previstas transferencias de datos a terceros pa\u00edses en ninguno de los tratamientos.<\/p><p><strong>\u00bfCu\u00e1les son sus derechos cuando nos facilita sus datos?<\/strong><\/p><p>Cualquier persona tiene derecho a obtener confirmaci\u00f3n sobre si en ZONA PALETS, S.L. estamos tratando, o no, datos personales que les conciernan.<\/p><p>Las personas interesadas tienen derecho a acceder a sus datos personales, as\u00ed como a solicitar la rectificaci\u00f3n de los datos inexactos o, en su caso, solicitar su supresi\u00f3n cuando, entre otros motivos, los datos ya no sean necesarios para los fines que fueron recogidos. Igualmente tiene derecho a la portabilidad de sus datos.<\/p><p>En determinadas circunstancias, los interesados podr\u00e1n solicitar la limitaci\u00f3n del tratamiento de sus datos, en cuyo caso \u00fanicamente los conservaremos para el ejercicio o la defensa de reclamaciones.<\/p><p>En determinadas circunstancias y por motivos relacionados con su situaci\u00f3n particular, los interesados podr\u00e1n oponerse al tratamiento de sus datos. En este caso, ZONA PALETS, S.L. dejar\u00e1 de tratar los datos, salvo por motivos leg\u00edtimos imperiosos, o el ejercicio o la defensa de posibles reclamaciones.<\/p><p>Podr\u00e1 ejercitar materialmente sus derechos dirigi\u00e9ndose a AVENIDA SANT JULIA, 76 POL. IND. CONGOST &#8211; 08403 &#8211; GRANOLLERS \u2013 BARCELONA. Tambi\u00e9n dirigi\u00e9ndose a <a href=\"mailto:info@jaglogistica.com\">zonapalets@gmail.com<\/a>. \u00a0En ambos casos, deber\u00e1 aportar informaci\u00f3n suficiente que permita identificarle de forma fehaciente, como por ejemplo el DNI o los datos que aport\u00f3 en el momento en que se relacion\u00f3 con el Responsable, e indicar el derecho que desea ejercer.<\/p><p>Cuando se realice el env\u00edo de comunicaciones comerciales utilizando como base jur\u00eddica el inter\u00e9s leg\u00edtimo del responsable, el interesado podr\u00e1 oponerse al tratamiento de sus datos con ese fin.<\/p><p>Si ha otorgado su consentimiento para alguna finalidad concreta, tiene derecho a retirar el consentimiento otorgado en cualquier momento, sin que ello afecte a la licitud del tratamiento basado en el consentimiento previo a su retirada.<\/p><p>En caso de que sienta vulnerados sus derechos en lo concerniente a la protecci\u00f3n de sus datos personales, especialmente cuando no haya obtenido satisfacci\u00f3n en el ejercicio de sus derechos, puede presentar una reclamaci\u00f3n ante la Autoridad de Control en materia de Protecci\u00f3n de Datos competente a trav\u00e9s de su sitio web: <a href=\"http:\/\/www.aepd.es\">www.aepd.es<\/a>.<\/p><p><strong>\u00bfC\u00f3mo hemos obtenido sus datos?<\/strong><\/p><p>Los datos personales que tratamos en ZONA PALETS, S.L. proceden del propio interesado.<\/p><p>Las categor\u00edas de datos que se tratan son:<\/p><ul><li><strong>Tratamiento de datos de clientes:<\/strong><ul><li>Datos identificativos.<\/li><li>Direcciones postales y electr\u00f3nicas.<\/li><li>Informaci\u00f3n comercial.<\/li><\/ul><\/li><li><strong>Tratamiento de datos de potenciales clientes y contactos: <\/strong><ul><li>Datos identificativos.<\/li><li>Datos de contacto.<\/li><\/ul><\/li><li><strong>Tratamiento de datos de candidatos a un puesto de trabajo:<\/strong><ul><li>Datos identificativos.<\/li><li>Direcciones postales y electr\u00f3nicas.<\/li><li>Informaci\u00f3n comercial.<\/li><\/ul><\/li><\/ul><p>\u00a0<\/p><h2><strong>POL\u00cdTICA DE PRIVACIDAD REDES SOCIALES<\/strong><\/h2><p>De conformidad con lo establecido en la Ley 34\/2002, de 11 de julio, de Servicios de la Sociedad de la Informaci\u00f3n y de Comercio Electr\u00f3nico (LSSI-CE) y la normativa vigente y aplicable de protecci\u00f3n de datos de car\u00e1cter personal, la empresa Responsable indicada en la <u>pol\u00edtica de privacidad<\/u> informa a los usuarios de que ha procedido a crear un perfil en distintas Redes Sociales, con la finalidad de promocionar sus instalaciones, actividades y eventos.<\/p><p>El usuario que dispone de un perfil en la misma Red Social y ha decidido unirse a la p\u00e1gina creada por el Responsable muestra as\u00ed inter\u00e9s en la informaci\u00f3n que se publicite en la Red. Al unirse a nuestra p\u00e1gina, nos facilita su consentimiento para la visualizaci\u00f3n de aquellos datos personales publicados en su perfil. El usuario puede acceder en todo momento a las pol\u00edticas de privacidad de la propia Red Social, as\u00ed como configurar su perfil para garantizar su privacidad.<\/p><p><strong>Para facilitar el conocimiento al usuario, indicamos el enlace a la pol\u00edtica de privacidad de la Red Social:<\/strong><\/p><ul><li>Instagram: <a href=\"http:\/\/instagram.com\/about\/legal\/privacy\/\">http:\/\/instagram.com\/about\/legal\/privacy\/<\/a><\/li><li>LinkedIn: <a href=\"http:\/\/www.linkedin.com\/legal\/privacy-policy?trk=hb_ft_priv\">http:\/\/www.linkedin.com\/legal\/privacy-policy?trk=hb_ft_priv<\/a><\/li><li>Facebook: <a href=\"https:\/\/www.facebook.com\/help\/323540651073243\/\">https:\/\/www.facebook.com\/help\/323540651073243\/<\/a><\/li><li>Twitter: <a href=\"https:\/\/twitter.com\/es\/privacy\">https:\/\/twitter.com\/es\/privacy<\/a><\/li><li>YouTube:https:\/\/www.youtube.com\/intl\/ALL_es\/howyoutubeworks\/our-commitments\/protecting-user-data\/<\/li><\/ul><p>\u00a0<\/p><p>Asimismo, cualquier persona tiene derecho acceder, rectificar, limitar, oponerse, portar y suprimir sus datos. Encontrar\u00e1 m\u00e1s informaci\u00f3n sobre estos derechos y c\u00f3mo ejercerlos en la <u>pol\u00edtica de privacidad<\/u> de esta misma web.<\/p><p><strong>El Responsable, a trav\u00e9s de su perfil en la mencionada red social, realizar\u00e1n las siguientes actuaciones:<\/strong><\/p><ul><li>Enviar mensajes personales e individuales a trav\u00e9s de los canales de la Red Social, sobre todo en caso de contacto inicial por parte del usuario.<\/li><li>Acceso a la informaci\u00f3n p\u00fablica del perfil del usuario.<\/li><li>Actualizaciones del estado y realizaci\u00f3n de publicaciones en la p\u00e1gina del Responsable, que podr\u00e1 aparecer en el perfil del usuario.<\/li><\/ul><p>El Responsable tiene acceso y trata aquella informaci\u00f3n p\u00fablica del usuario. Estos datos, s\u00f3lo son utilizados dentro de la propia Red Social. No son incorporados a ning\u00fan sistema de tratamiento.<\/p><p>El usuario siempre puede controlar sus conexiones, eliminar los contenidos que dejen de interesarle y restringir con qui\u00e9n comparte sus conexiones, para ello deber\u00e1 acceder a su configuraci\u00f3n de privacidad.<\/p>\t\t\t\t\t\t\t\t<\/div>\n\t\t\t\t<\/div>\n\t\t\t\t\t<\/div>\n\t\t<\/div>\n\t\t\t\t\t<\/div>\n\t\t<\/section>\n\t\t\t\t<\/div>","protected":false},"excerpt":{"rendered":"<p>Pol\u00edtica de privacidad POL\u00cdTICA DE PRIVACIDAD En ZONA PALETS, S.L. nos preocupamos por la privacidad y la transparencia. \u00bfQui\u00e9n es el responsable del tratamiento de sus datos? ZONA PALETS, S.L. B67329672 AVENIDA SANT JULIA, 76 POL. IND. CONGOST &#8211; 08403 &#8211; GRANOLLERS \u2013 BARCELONA. 666 14 14 88 zonapalets@gmail.com. A continuaci\u00f3n, le indicamos en detalle&hellip;&nbsp;<a href=\"https:\/\/zonapalets.com\/ca\/politica-de-privacidad\/\" rel=\"bookmark\"><span class=\"screen-reader-text\">Pol\u00edtica de privacidad<\/span><\/a><\/p>","protected":false},"author":2,"featured_media":0,"parent":0,"menu_order":0,"comment_status":"closed","ping_status":"closed","template":"page-templates\/template-pagebuilder-full-width.php","meta":{"neve_meta_sidebar":"","neve_meta_container":"","neve_meta_enable_content_width":"off","neve_meta_content_width":100,"neve_meta_title_alignment":"","neve_meta_author_avatar":"","neve_post_elements_order":"","neve_meta_disable_header":"","neve_meta_disable_footer":"","neve_meta_disable_title":"","neve_meta_reading_time":"","footnotes":""},"class_list":["post-453","page","type-page","status-publish","hentry"],"yoast_head":"<!-- This site is optimized with the Yoast SEO plugin v26.7 - https:\/\/yoast.com\/wordpress\/plugins\/seo\/ -->\n<title>Pol\u00edtica de privacidad - Zona Palets | Compra, venta y reciclaje de Palets<\/title>\n<meta name=\"robots\" content=\"index, follow, max-snippet:-1, max-image-preview:large, max-video-preview:-1\" \/>\n<link rel=\"canonical\" href=\"https:\/\/zonapalets.com\/ca\/politica-de-privacidad\/\" \/>\n<meta property=\"og:locale\" content=\"ca_ES\" \/>\n<meta property=\"og:type\" content=\"article\" \/>\n<meta property=\"og:title\" content=\"Pol\u00edtica de privacidad - Zona Palets | Compra, venta y reciclaje de Palets\" \/>\n<meta property=\"og:description\" content=\"Pol\u00edtica de privacidad POL\u00cdTICA DE PRIVACIDAD En ZONA PALETS, S.L. nos preocupamos por la privacidad y la transparencia. \u00bfQui\u00e9n es el responsable del tratamiento de sus datos? ZONA PALETS, S.L. B67329672 AVENIDA SANT JULIA, 76 POL. IND. CONGOST &#8211; 08403 &#8211; GRANOLLERS \u2013 BARCELONA. 666 14 14 88 zonapalets@gmail.com. A continuaci\u00f3n, le indicamos en detalle&hellip;&nbsp;Pol\u00edtica de privacidad\" \/>\n<meta property=\"og:url\" content=\"https:\/\/zonapalets.com\/ca\/politica-de-privacidad\/\" \/>\n<meta property=\"og:site_name\" content=\"Zona Palets | Compra, venta y reciclaje de Palets\" \/>\n<meta property=\"article:modified_time\" content=\"2023-11-09T10:08:33+00:00\" \/>\n<meta name=\"twitter:card\" content=\"summary_large_image\" \/>\n<meta name=\"twitter:label1\" content=\"Temps estimat de lectura\" \/>\n\t<meta name=\"twitter:data1\" content=\"7 minuts\" \/>\n<script type=\"application\/ld+json\" class=\"yoast-schema-graph\">{\"@context\":\"https:\/\/schema.org\",\"@graph\":[{\"@type\":\"WebPage\",\"@id\":\"https:\/\/zonapalets.com\/politica-de-privacidad\/\",\"url\":\"https:\/\/zonapalets.com\/politica-de-privacidad\/\",\"name\":\"Pol\u00edtica de privacidad - Zona Palets | Compra, venta y reciclaje de Palets\",\"isPartOf\":{\"@id\":\"https:\/\/zonapalets.com\/#website\"},\"datePublished\":\"2023-05-20T20:14:46+00:00\",\"dateModified\":\"2023-11-09T10:08:33+00:00\",\"breadcrumb\":{\"@id\":\"https:\/\/zonapalets.com\/politica-de-privacidad\/#breadcrumb\"},\"inLanguage\":\"ca\",\"potentialAction\":[{\"@type\":\"ReadAction\",\"target\":[\"https:\/\/zonapalets.com\/politica-de-privacidad\/\"]}]},{\"@type\":\"BreadcrumbList\",\"@id\":\"https:\/\/zonapalets.com\/politica-de-privacidad\/#breadcrumb\",\"itemListElement\":[{\"@type\":\"ListItem\",\"position\":1,\"name\":\"Portada\",\"item\":\"https:\/\/zonapalets.com\/\"},{\"@type\":\"ListItem\",\"position\":2,\"name\":\"Pol\u00edtica de privacidad\"}]},{\"@type\":\"WebSite\",\"@id\":\"https:\/\/zonapalets.com\/#website\",\"url\":\"https:\/\/zonapalets.com\/\",\"name\":\"Zona Palets | Compra, venta y reciclaje de Palets\",\"description\":\"Fabricamos, restauramos y comercializamos palets.\",\"potentialAction\":[{\"@type\":\"SearchAction\",\"target\":{\"@type\":\"EntryPoint\",\"urlTemplate\":\"https:\/\/zonapalets.com\/?s={search_term_string}\"},\"query-input\":{\"@type\":\"PropertyValueSpecification\",\"valueRequired\":true,\"valueName\":\"search_term_string\"}}],\"inLanguage\":\"ca\"}]}<\/script>\n<!-- \/ Yoast SEO plugin. -->","yoast_head_json":{"title":"Pol\u00edtica de privacidad - Zona Palets | Compra, venta y reciclaje de Palets","robots":{"index":"index","follow":"follow","max-snippet":"max-snippet:-1","max-image-preview":"max-image-preview:large","max-video-preview":"max-video-preview:-1"},"canonical":"https:\/\/zonapalets.com\/ca\/politica-de-privacidad\/","og_locale":"ca_ES","og_type":"article","og_title":"Pol\u00edtica de privacidad - Zona Palets | Compra, venta y reciclaje de Palets","og_description":"Pol\u00edtica de privacidad POL\u00cdTICA DE PRIVACIDAD En ZONA PALETS, S.L. nos preocupamos por la privacidad y la transparencia. \u00bfQui\u00e9n es el responsable del tratamiento de sus datos? ZONA PALETS, S.L. B67329672 AVENIDA SANT JULIA, 76 POL. IND. CONGOST &#8211; 08403 &#8211; GRANOLLERS \u2013 BARCELONA. 666 14 14 88 zonapalets@gmail.com. A continuaci\u00f3n, le indicamos en detalle&hellip;&nbsp;Pol\u00edtica de privacidad","og_url":"https:\/\/zonapalets.com\/ca\/politica-de-privacidad\/","og_site_name":"Zona Palets | Compra, venta y reciclaje de Palets","article_modified_time":"2023-11-09T10:08:33+00:00","twitter_card":"summary_large_image","twitter_misc":{"Temps estimat de lectura":"7 minuts"},"schema":{"@context":"https:\/\/schema.org","@graph":[{"@type":"WebPage","@id":"https:\/\/zonapalets.com\/politica-de-privacidad\/","url":"https:\/\/zonapalets.com\/politica-de-privacidad\/","name":"Pol\u00edtica de privacidad - Zona Palets | Compra, venta y reciclaje de Palets","isPartOf":{"@id":"https:\/\/zonapalets.com\/#website"},"datePublished":"2023-05-20T20:14:46+00:00","dateModified":"2023-11-09T10:08:33+00:00","breadcrumb":{"@id":"https:\/\/zonapalets.com\/politica-de-privacidad\/#breadcrumb"},"inLanguage":"ca","potentialAction":[{"@type":"ReadAction","target":["https:\/\/zonapalets.com\/politica-de-privacidad\/"]}]},{"@type":"BreadcrumbList","@id":"https:\/\/zonapalets.com\/politica-de-privacidad\/#breadcrumb","itemListElement":[{"@type":"ListItem","position":1,"name":"Portada","item":"https:\/\/zonapalets.com\/"},{"@type":"ListItem","position":2,"name":"Pol\u00edtica de privacidad"}]},{"@type":"WebSite","@id":"https:\/\/zonapalets.com\/#website","url":"https:\/\/zonapalets.com\/","name":"Zona Palets | Compra, venta y reciclaje de Palets","description":"Fabricamos, restauramos y comercializamos palets.","potentialAction":[{"@type":"SearchAction","target":{"@type":"EntryPoint","urlTemplate":"https:\/\/zonapalets.com\/?s={search_term_string}"},"query-input":{"@type":"PropertyValueSpecification","valueRequired":true,"valueName":"search_term_string"}}],"inLanguage":"ca"}]}},"_links":{"self":[{"href":"https:\/\/zonapalets.com\/ca\/wp-json\/wp\/v2\/pages\/453","targetHints":{"allow":["GET"]}}],"collection":[{"href":"https:\/\/zonapalets.com\/ca\/wp-json\/wp\/v2\/pages"}],"about":[{"href":"https:\/\/zonapalets.com\/ca\/wp-json\/wp\/v2\/types\/page"}],"author":[{"embeddable":true,"href":"https:\/\/zonapalets.com\/ca\/wp-json\/wp\/v2\/users\/2"}],"replies":[{"embeddable":true,"href":"https:\/\/zonapalets.com\/ca\/wp-json\/wp\/v2\/comments?post=453"}],"version-history":[{"count":7,"href":"https:\/\/zonapalets.com\/ca\/wp-json\/wp\/v2\/pages\/453\/revisions"}],"predecessor-version":[{"id":606,"href":"https:\/\/zonapalets.com\/ca\/wp-json\/wp\/v2\/pages\/453\/revisions\/606"}],"wp:attachment":[{"href":"https:\/\/zonapalets.com\/ca\/wp-json\/wp\/v2\/media?parent=453"}],"curies":[{"name":"wp","href":"https:\/\/api.w.org\/{rel}","templated":true}]}}